{"id":2056,"date":"2023-01-09T13:20:22","date_gmt":"2023-01-09T13:20:22","guid":{"rendered":"https:\/\/www.pps-e.com\/home\/"},"modified":"2023-03-13T18:46:14","modified_gmt":"2023-03-13T18:46:14","slug":"home","status":"publish","type":"page","link":"https:\/\/www.pps-e.com\/nl\/","title":{"rendered":"Home"},"content":{"rendered":"<section class=\"py-36 bg-no-repeat bg-blue-900 bg-opacity-100 bg-cover bg-center max-w-none \" style=\"background-image: url('https:\/\/www.pps-e.com\/wp-content\/uploads\/2023\/01\/home-building-ppse-2023-1.jpg');\">\n\t\n<div class=\"container mx-auto relative\" style=\"\">\n\t<div class=\"mx-auto px-8 bg-transparent \">\n\t\t\n<div class=\"pps-grid grid gap-16 lg:grid-cols-2\">\n\t\n<div class=\"bg-transparent bg-opacity-100 col-span-2 lg:col-span-1 lg:col-start-2 bg-white flex flex-col p-4 lg:p-12 rounded-xl\" style=\"\">\n\t\n\n<h1 class=\"has-text-align-center has-theme-blue-color has-text-color wp-block-heading\" style=\"font-size:28px\">Welkom bij PPS-e<\/h1>\n\n\n\n<h1 class=\"has-text-align-center p-5 leading-none has-theme-red-color has-text-color wp-block-heading\" style=\"font-size:64px;font-style:normal;font-weight:300\">Verzend &amp; Ontvang Goederen<\/h1>\n\n\n\n<p>Uw nummer \u00e9\u00e9n bedrijf voor al uw logistieke behoeften. Wij bieden u een effici\u00ebnte manier aan om uw goederen internationaal te transporteren. We nemen de beste zorg voor elk artikel, groot of klein, om het van punt A naar punt B in goede staat te krijgen. PPS-e is de specialist voor pakketten van en naar het Nederlandse Caribisch Gebied<\/p>\n\n\n\n<div class=\"wp-block-buttons pt-8 w-full is-content-justification-center is-layout-flex wp-container-core-buttons-is-layout-16018d1d wp-block-buttons-is-layout-flex\">\n<div class=\"wp-block-button is-style-fill\"><a class=\"wp-block-button__link has-theme-white-color has-theme-blue-background-color has-text-color has-background wp-element-button\" href=\"#services\" style=\"border-radius:0px\" rel=\"https:\/\/www.pps-e.com\/services\/\">Onze Diensten<\/a><\/div>\n\n\n\n<div class=\"wp-block-button is-style-fill\"><a class=\"wp-block-button__link has-theme-white-color has-theme-red-background-color has-text-color has-background wp-element-button\" href=\"https:\/\/www.pps-e.com\/nl\/service-aanvraag\/\" style=\"border-radius:0px\" rel=\"https:\/\/www.pps-e.com\/services\/\">Prijsopvraag<\/a><\/div>\n<\/div>\n\n\n<\/div>\n\n\n<\/div>\n\n\t<\/div>\n<\/div>\n\n\n<\/section><section class=\"bg-no-repeat bg-white bg-opacity-100 bg-cover bg-center max-w-none \" style=\"background-image: url('https:\/\/www.pps-e.com\/wp-content\/uploads\/2022\/08\/shipping-containers-1.jpg');\">\n\t\n<div class=\"container mx-auto relative\" style=\"\">\n\t<div class=\"mx-auto mx-auto bg-transparent max-w-none \">\n\t\t\n<div class=\"container mx-auto relative\" style=\"\">\n\t<div class=\"mx-auto px-5 py-0 mx-auto bg-transparent bg-opacity-100 max-w-screen-xl \">\n\t\t\n<div class=\"container mx-auto relative\" style=\"\">\n\t<div class=\"mx-auto pb-6 bg-transparent bg-opacity-100 flex flex-col-reverse \">\n\t\t\n<div class=\"container mx-auto relative\" style=\"\">\n\t<div class=\"mx-auto p-3 bg-transparent bg-opacity-100 max-w-screen-lg \">\n\t\t\n<div class=\"content pb-24 pt-16 mx-auto mt-0 bg-transparent bg-opacity-100 w-full max-w-none\" style=\"\">\n\t\n\n<h1 class=\"has-text-align-center has-theme-blue-color has-text-color wp-block-heading\">Waarom PPS-e?<\/h1>\n\n\n<div class=\"pps-grid grid gap-16 lg:grid-cols-3\">\n\t\n<div class=\"bg-transparent bg-opacity-100 \" style=\"\">\n\t\n<div class=\"wp-block-image\">\n<figure class=\"aligncenter size-large is-resized\"><img loading=\"lazy\" decoding=\"async\" src=\"https:\/\/www.pps-e.com\/wp-content\/uploads\/2022\/12\/all-sizes-1.svg\" alt=\"\" class=\"wp-image-1883\" width=\"75\" height=\"75\"\/><\/figure>\n<\/div>\n\n\n<p class=\"has-text-align-center has-theme-blue-color has-text-color has-medium-font-size\" style=\"font-style:normal;font-weight:500\">Alle Maten<\/p>\n\n\n<\/div>\n\n\n<div class=\"\" style=\"\">\n\t\n<div class=\"wp-block-image\">\n<figure class=\"aligncenter size-large is-resized\"><img loading=\"lazy\" decoding=\"async\" src=\"https:\/\/www.pps-e.com\/wp-content\/uploads\/2022\/11\/quality.svg\" alt=\"\" class=\"wp-image-1312\" width=\"75\" height=\"75\"\/><\/figure>\n<\/div>\n\n\n<p class=\"has-text-align-center has-theme-blue-color has-text-color has-medium-font-size\" style=\"font-style:normal;font-weight:500\">Hoge Zorg &amp; Kwaliteit<\/p>\n\n\n<\/div>\n\n\n<div class=\"bg-transparent bg-opacity-100 \" style=\"\">\n\t\n<div class=\"wp-block-image\">\n<figure class=\"aligncenter size-large is-resized\"><img loading=\"lazy\" decoding=\"async\" src=\"https:\/\/www.pps-e.com\/wp-content\/uploads\/2022\/12\/moving.svg\" alt=\"\" class=\"wp-image-1947\" width=\"75\" height=\"75\"\/><\/figure>\n<\/div>\n\n\n<p class=\"has-text-align-center has-theme-blue-color has-text-color has-medium-font-size\" style=\"font-style:normal;font-weight:500\">Verhuizen<\/p>\n\n\n<\/div>\n\n\n<\/div>\n\n<\/div>\n\n\n\t<\/div>\n<\/div>\n\n\n\t<\/div>\n<\/div>\n\n\n\n<div class=\"container mx-auto relative z-10\">\n\t<div class=\"max-w-screen-lg lg:px-5 mx-auto lg:absolute lg:bottom-0 lg:left-1\/2 lg:-translate-x-1\/2 w-full lg:translate-y-1\/2\">\n\t\t<div class=\"bg-white flex flex-col lg:flex-row lg:items-center justify-around rounded-xl overflow-hidden\">\n    \t\t    \t\t<div class=\"text-blue-900\">\n    \t\t\t<a href=\"https:\/\/www.pps-e.com\/contact\/\" target=\"\" class=\"flex items-center justify-between text-xl p-5 py-10\">\n        \t\t\t<i class=\"fa fa-calculator text-4xl mr-4 w-10 text-center\"><\/i>\n        \t\t\t<span class=\"grow\">Calculate costs<\/span>\n        \t\t\t<i class=\"fa fa-arrow-right text-red-500 ml-3\"><\/i>\n    \t\t\t<\/a>\n    \t\t<\/div>\n    \t\t    \t\t<div class=\"text-blue-900\">\n    \t\t\t<a href=\"https:\/\/www.pps-e.com\/support\/\" target=\"\" class=\"flex items-center justify-between text-xl p-5 py-10\">\n        \t\t\t<i class=\"fa fa-info text-4xl mr-4 w-10 text-center\"><\/i>\n        \t\t\t<span class=\"grow\">Support<\/span>\n        \t\t\t<i class=\"fa fa-arrow-right text-red-500 ml-3\"><\/i>\n    \t\t\t<\/a>\n    \t\t<\/div>\n    \t\t    \t\t<div class=\"text-blue-900\">\n    \t\t\t<a href=\"https:\/\/www.pps-e.com\/track-trace\/\" target=\"\" class=\"flex items-center justify-between text-xl p-5 py-10\">\n        \t\t\t<i class=\"fa fa-truck-fast text-4xl mr-4 w-10 text-center\"><\/i>\n        \t\t\t<span class=\"grow\">Track &#038; Trace<\/span>\n        \t\t\t<i class=\"fa fa-arrow-right text-red-500 ml-3\"><\/i>\n    \t\t\t<\/a>\n    \t\t<\/div>\n    \t\t\t\t<\/div>\n\t<\/div>\n<\/div>\n\n\t<\/div>\n<\/div>\n\n\n\t<\/div>\n<\/div>\n\n\n<\/section><section class=\"bg-gray-300 bg-opacity-100 \" style=\"\">\n\t\n\n<a name=\"services\"><\/a>\r\n\n\n<div class=\"pps-grid grid lg:grid-cols-2\">\n\t\n<div class=\"p-8 pt-96 bg-no-repeat bg-transparent bg-opacity-100 bg-cover bg-top flex flex-row-reverse\" style=\"background-image: url('https:\/\/www.pps-e.com\/wp-content\/uploads\/2022\/10\/air.jpg');\">\n\t\n<div class=\"content p-8 bg-white bg-opacity-100 max-w-screen-md w-full rounded-xl\" style=\"\">\n\t\n\n<h2 class=\"has-text-align-center has-theme-blue-color has-text-color wp-block-heading\">Air Pak \/ Luchtvracht<\/h2>\n\n\n\n<p>Dankzij ons brede aanbod aan luchtvracht diensten en ons wereldwijde netwerk kunnen we u betrouwbare diensten aanbieden naar elke bestemming.<\/p>\n\n\n\n<div class=\"wp-block-buttons is-content-justification-right is-layout-flex wp-container-core-buttons-is-layout-765c4724 wp-block-buttons-is-layout-flex\">\n<div class=\"wp-block-button is-style-fill\"><a class=\"wp-block-button__link has-theme-white-color has-theme-red-background-color has-text-color has-background wp-element-button\" href=\"https:\/\/www.pps-e.com\/nl\/air-pak-luchtvracht\/\" style=\"border-radius:0px\">Meer informatie<\/a><\/div>\n<\/div>\n\n\n<\/div>\n\n\n<\/div>\n\n\n<div class=\"p-8 pt-96 bg-no-repeat bg-transparent bg-opacity-100 bg-cover bg-top flex flex-row\" style=\"background-image: url('https:\/\/www.pps-e.com\/wp-content\/uploads\/2022\/10\/sea.jpg');\">\n\t\n<div class=\"content p-8 bg-white bg-opacity-100 max-w-screen-md w-full rounded-xl\" style=\"\">\n\t\n\n<h2 class=\"has-text-align-center has-theme-blue-color has-text-color wp-block-heading\">Sea Pak \/ Zeevracht<\/h2>\n\n\n\n<p>PPS-e biedt een scala aan zeevrachtdiensten van en naar de Nederlandse Antillen. PPS-e selecteert de beste transport lijn om naar uw bestemming te varen.<\/p>\n\n\n\n<div class=\"wp-block-buttons is-content-justification-right is-layout-flex wp-container-core-buttons-is-layout-765c4724 wp-block-buttons-is-layout-flex\">\n<div class=\"wp-block-button is-style-fill\"><a class=\"wp-block-button__link has-theme-white-color has-theme-red-background-color has-text-color has-background wp-element-button\" href=\"https:\/\/www.pps-e.com\/nl\/zeevracht\/\" style=\"border-radius:0px\">Meer informatie<\/a><\/div>\n<\/div>\n\n\n<\/div>\n\n\n<\/div>\n\n\n<\/div>\n\n\n<div class=\"wp-block-group hidden\"><div class=\"wp-block-group__inner-container is-layout-constrained wp-block-group-is-layout-constrained\"><div class=\"container mx-auto relative\" style=\"\">\n\t<div class=\"mx-auto pt-20 bg-transparent bg-opacity-100 \">\n\t\t\n\n<h2 class=\"has-text-align-center has-theme-white-color has-text-color has-x-large-font-size wp-block-heading\">Diensten<\/h2>\n\n\n\t<\/div>\n<\/div>\n\n\n<div class=\"container mx-auto relative\" style=\"\">\n\t<div class=\"mx-auto px-5 pt-8 mx-auto bg-transparent bg-opacity-100 max-w-screen-2xl \">\n\t\t\n<div class=\"pps-grid grid gap-8 lg:grid-cols-2\">\n\t\n<div class=\"\" style=\"\">\n\t\n<div class=\"pps-card h-full pps-card-white \">\n\t\n<div class=\"pps-card-body \">\n\t\n\n<figure class=\"wp-block-image size-full is-style-default\"><a href=\"https:\/\/www.pps-e.com\/nl\/air-pak-luchtvracht\/\"><img loading=\"lazy\" decoding=\"async\" width=\"800\" height=\"400\" src=\"https:\/\/www.pps-e.com\/wp-content\/uploads\/2022\/10\/air.jpg\" alt=\"\" class=\"wp-image-1256\" srcset=\"https:\/\/www.pps-e.com\/wp-content\/uploads\/2022\/10\/air.jpg 800w, https:\/\/www.pps-e.com\/wp-content\/uploads\/2022\/10\/air-300x150.jpg 300w, https:\/\/www.pps-e.com\/wp-content\/uploads\/2022\/10\/air-768x384.jpg 768w\" sizes=\"auto, (max-width: 800px) 100vw, 800px\" \/><\/a><\/figure>\n\n\n<\/div>\n\n\n<div class=\"pps-card-body \">\n\t\n<div class=\"container mx-auto relative\" style=\"\">\n\t<div class=\"mx-auto p-4 bg-transparent bg-opacity-100 \">\n\t\t\n\n<h2 class=\"has-text-align-left has-theme-blue-color has-text-color has-medium-font-size wp-block-heading\" style=\"font-style:normal;font-weight:600\"><a href=\"https:\/\/www.pps-e.com\/nl\/air-pak-luchtvracht\/\">Air Pak \/ Luchtvracht<\/a><\/h2>\n\n\n\n<p>Dankzij ons brede aanbod aan luchtvracht diensten en ons wereldwijde netwerk kunnen we u betrouwbare diensten aanbieden naar elke bestemming.<\/p>\n\n\n\n<div style=\"height:10px\" aria-hidden=\"true\" class=\"wp-block-spacer\"><\/div>\n\n\n\n<div class=\"wp-block-buttons is-content-justification-right is-layout-flex wp-container-core-buttons-is-layout-765c4724 wp-block-buttons-is-layout-flex\">\n<div class=\"wp-block-button is-style-fill\"><a class=\"wp-block-button__link has-theme-white-color has-theme-red-background-color has-text-color has-background wp-element-button\" href=\"https:\/\/www.pps-e.com\/nl\/air-pak-luchtvracht\/\" style=\"border-radius:0px\">Meer informatie<\/a><\/div>\n<\/div>\n\n\n\t<\/div>\n<\/div>\n\n\n<\/div>\n\n\n<div class=\"pps-card-body \">\n\t\n<\/div>\n\n\n<\/div>\n\n<\/div>\n\n\n<div class=\"\" style=\"\">\n\t\n<div class=\"pps-card h-full pps-card-white \">\n\t\n<div class=\"pps-card-body \">\n\t\n\n<figure class=\"wp-block-image size-full is-style-default\"><a href=\"https:\/\/www.pps-e.com\/nl\/zeevracht\/\"><img loading=\"lazy\" decoding=\"async\" width=\"800\" height=\"400\" src=\"https:\/\/www.pps-e.com\/wp-content\/uploads\/2022\/10\/sea.jpg\" alt=\"\" class=\"wp-image-1259\" srcset=\"https:\/\/www.pps-e.com\/wp-content\/uploads\/2022\/10\/sea.jpg 800w, https:\/\/www.pps-e.com\/wp-content\/uploads\/2022\/10\/sea-300x150.jpg 300w, https:\/\/www.pps-e.com\/wp-content\/uploads\/2022\/10\/sea-768x384.jpg 768w\" sizes=\"auto, (max-width: 800px) 100vw, 800px\" \/><\/a><\/figure>\n\n\n<\/div>\n\n\n<div class=\"pps-card-body \">\n\t\n<div class=\"container mx-auto relative\" style=\"\">\n\t<div class=\"mx-auto p-4 bg-transparent bg-opacity-100 \">\n\t\t\n\n<h2 class=\"has-text-align-left has-theme-blue-color has-text-color has-medium-font-size wp-block-heading\" style=\"font-style:normal;font-weight:600\"><a href=\"https:\/\/www.pps-e.com\/nl\/zeevracht\/\" data-type=\"page\" data-id=\"627\">Sea Pak \/ Zeevracht<\/a><\/h2>\n\n\n\n<p>PPS-e biedt een scala aan zeevrachtdiensten van en naar de Nederlandse Antillen. PPS-e selecteert de beste transport lijn om naar uw bestemming te varen.<\/p>\n\n\n\n<div style=\"height:10px\" aria-hidden=\"true\" class=\"wp-block-spacer\"><\/div>\n\n\n\n<div class=\"wp-block-buttons is-content-justification-right is-layout-flex wp-container-core-buttons-is-layout-765c4724 wp-block-buttons-is-layout-flex\">\n<div class=\"wp-block-button is-style-fill\"><a class=\"wp-block-button__link has-theme-white-color has-theme-red-background-color has-text-color has-background wp-element-button\" href=\"https:\/\/www.pps-e.com\/nl\/zeevracht\/\" style=\"border-radius:0px\">Meer informatie<\/a><\/div>\n<\/div>\n\n\n\t<\/div>\n<\/div>\n\n\n<\/div>\n\n\n<div class=\"pps-card-body \">\n\t\n<\/div>\n\n\n<\/div>\n\n<\/div>\n\n\n<\/div>\n\n\t<\/div>\n<\/div>\n<\/div><\/div>\n\n\n<\/section><section class=\"bg-white bg-opacity-100 \" style=\"\">\n\t\n<div class=\"container mx-auto relative\" style=\"\">\n\t<div class=\"mx-auto bg-transparent bg-opacity-100 bg-center \">\n\t\t\n\n<div style=\"height:60px\" aria-hidden=\"true\" class=\"wp-block-spacer\"><\/div>\n\n\n\n<h1 class=\"has-text-align-center has-theme-red-color has-text-color wp-block-heading\" style=\"font-size:64px\">Let&#8217;s move!<\/h1>\n\n\n\n<div style=\"height:10px\" aria-hidden=\"true\" class=\"wp-block-spacer\"><\/div>\n\n\n\n<h1 class=\"has-text-align-center has-theme-blue-color has-text-color has-medium-font-size wp-block-heading\">Online aanvragen. Makkelijk en snel.<\/h1>\n\n\n\n<div style=\"height:40px\" aria-hidden=\"true\" class=\"wp-block-spacer\"><\/div>\n\n\n\n<div class=\"wp-block-buttons w-full is-content-justification-center is-layout-flex wp-container-core-buttons-is-layout-16018d1d wp-block-buttons-is-layout-flex\">\n<div class=\"wp-block-button is-style-fill\"><a class=\"wp-block-button__link has-theme-white-color has-theme-red-background-color has-text-color has-background wp-element-button\" href=\"https:\/\/www.pps-e.com\/nl\/service-aanvraag\/\" style=\"border-radius:0px\" rel=\"https:\/\/www.pps-e.com\/services\/\">Dienst Aanvragen<\/a><\/div>\n<\/div>\n\n\n\n<div style=\"height:80px\" aria-hidden=\"true\" class=\"wp-block-spacer\"><\/div>\n\n\n\t<\/div>\n<\/div>\n\n\n<\/section><section class=\"bg-blue-900 bg-opacity-100 \" style=\"\">\n\t\n<div class=\"container mx-auto relative\" style=\"\">\n\t<div class=\"mx-auto bg-transparent bg-opacity-100 bg-center \">\n\t\t\n<div class=\"wp-block-image mx-auto\">\n<figure class=\"aligncenter size-full is-resized\"><img loading=\"lazy\" decoding=\"async\" src=\"https:\/\/www.pps-e.com\/wp-content\/uploads\/2022\/11\/world-map-1.png\" alt=\"\" class=\"wp-image-1301\" width=\"960\" height=\"455\" srcset=\"https:\/\/www.pps-e.com\/wp-content\/uploads\/2022\/11\/world-map-1.png 1920w, https:\/\/www.pps-e.com\/wp-content\/uploads\/2022\/11\/world-map-1-300x142.png 300w, https:\/\/www.pps-e.com\/wp-content\/uploads\/2022\/11\/world-map-1-1024x485.png 1024w, https:\/\/www.pps-e.com\/wp-content\/uploads\/2022\/11\/world-map-1-768x364.png 768w, https:\/\/www.pps-e.com\/wp-content\/uploads\/2022\/11\/world-map-1-1536x728.png 1536w\" sizes=\"auto, (max-width: 960px) 100vw, 960px\" \/><\/figure>\n<\/div>\n\n\t<\/div>\n<\/div>\n\n\n<\/section>","protected":false},"excerpt":{"rendered":"","protected":false},"author":1,"featured_media":0,"parent":0,"menu_order":0,"comment_status":"closed","ping_status":"closed","template":"","meta":{"_acf_changed":false,"footnotes":""},"class_list":["post-2056","page","type-page","status-publish","hentry"],"acf":[],"featured_image_src":null,"_links":{"self":[{"href":"https:\/\/www.pps-e.com\/nl\/wp-json\/wp\/v2\/pages\/2056","targetHints":{"allow":["GET"]}}],"collection":[{"href":"https:\/\/www.pps-e.com\/nl\/wp-json\/wp\/v2\/pages"}],"about":[{"href":"https:\/\/www.pps-e.com\/nl\/wp-json\/wp\/v2\/types\/page"}],"author":[{"embeddable":true,"href":"https:\/\/www.pps-e.com\/nl\/wp-json\/wp\/v2\/users\/1"}],"replies":[{"embeddable":true,"href":"https:\/\/www.pps-e.com\/nl\/wp-json\/wp\/v2\/comments?post=2056"}],"version-history":[{"count":19,"href":"https:\/\/www.pps-e.com\/nl\/wp-json\/wp\/v2\/pages\/2056\/revisions"}],"predecessor-version":[{"id":2287,"href":"https:\/\/www.pps-e.com\/nl\/wp-json\/wp\/v2\/pages\/2056\/revisions\/2287"}],"wp:attachment":[{"href":"https:\/\/www.pps-e.com\/nl\/wp-json\/wp\/v2\/media?parent=2056"}],"curies":[{"name":"wp","href":"https:\/\/api.w.org\/{rel}","templated":true}]}}