{"id":2019,"date":"2023-01-09T09:17:24","date_gmt":"2023-01-09T09:17:24","guid":{"rendered":"https:\/\/www.pps-e.com\/informashon-di-nos\/"},"modified":"2023-05-25T15:21:51","modified_gmt":"2023-05-25T15:21:51","slug":"informashon-di-nos","status":"publish","type":"page","link":"https:\/\/www.pps-e.com\/pap\/informashon-di-nos\/","title":{"rendered":"Informashon Di Nos"},"content":{"rendered":"<section class=\"py-4 bg-blue-900 bg-opacity-100 \" style=\"\">\n\t\n<div class=\"container mx-auto relative\" style=\"\">\n\t<div class=\"mx-auto px-5 mx-auto bg-transparent bg-opacity-100 max-w-none \">\n\t\t\n<div class=\"content bg-transparent bg-opacity-100 max-w-none w-full \" style=\"\">\n\t\n\n<h2 class=\"has-text-align-center has-theme-white-color has-text-color has-large-font-size wp-block-heading\" style=\"text-transform:capitalize\">Informashon Di Nos<\/h2>\n\n\n<\/div>\n\n\n\t<\/div>\n<\/div>\n\n\n<\/section><section class=\"bg-transparent bg-opacity-100 \" style=\"\">\n\t\n<div class=\"container mx-auto relative\" style=\"\">\n\t<div class=\"mx-auto px-5 mb-8 bg-transparent bg-opacity-100 max-w-screen-xl \">\n\t\t\n<div class=\"content bg-transparent bg-opacity-100 max-w-none w-full text-center w-full\" style=\"\">\n\t\n\n<h2 class=\"has-text-align-center has-theme-blue-color has-text-color has-medium-font-size wp-block-heading\">PPS- e ta hasi uso di e fasilidatnan I konekshonan di Cavalier Logistics i ta dirigi su mes full riba transporte di pakete priva. <\/h2>\n\n\n<\/div>\n\n\n<div class=\"pps-card h-full pps-card-white \">\n\t\n<div class=\"pps-card-body \">\n\t\n\n<figure class=\"wp-block-image size-large\"><img loading=\"lazy\" decoding=\"async\" width=\"1024\" height=\"664\" src=\"https:\/\/www.pps-e.com\/wp-content\/uploads\/2022\/12\/about-us-1-1024x664.jpg\" alt=\"\" class=\"wp-image-1708\" srcset=\"https:\/\/www.pps-e.com\/wp-content\/uploads\/2022\/12\/about-us-1-1024x664.jpg 1024w, https:\/\/www.pps-e.com\/wp-content\/uploads\/2022\/12\/about-us-1-300x195.jpg 300w, https:\/\/www.pps-e.com\/wp-content\/uploads\/2022\/12\/about-us-1-768x498.jpg 768w, https:\/\/www.pps-e.com\/wp-content\/uploads\/2022\/12\/about-us-1.jpg 1181w\" sizes=\"auto, (max-width: 1024px) 100vw, 1024px\" \/><\/figure>\n\n\n<div class=\"content bg-transparent bg-opacity-100 w-full flex flex-col justify-center\" style=\"\">\n\t\n\n<h2 class=\"has-theme-red-color has-text-color wp-block-heading\">PPS-e ta un organishon ku ta ofrese servisio na klientenan priva.<\/h2>\n\n\n\n<p>Pa anjos PPS-e ta e spesialista\/eskperto den transporte di pakete entre Hulanda i Karibe. Cavalier Logisitics tin un kadena di luga ku ta traha kune na Hulanda.Nos ta spesialisa den e proseso di deklara pakete di tantu aereo komo maritimo, i tambe importashon ku eksportashon. Nos ta traha bo karga ku tur e kautela nesesario paso nos stima nos trabou i nos klientenan!<\/p>\n\n\n<\/div>\n\n\n<\/div>\n\n\n<\/div>\n\n\t<\/div>\n<\/div>\n\n\n<div class=\"container mx-auto relative\" style=\"\">\n\t<div class=\"mx-auto px-5 mx-auto mb-8 bg-transparent bg-opacity-100 max-w-screen-xl \">\n\t\t\n<div class=\"pps-card h-full pps-card-white \">\n\t\n<div class=\"pps-card-body \">\n\t\n<div class=\"content bg-transparent bg-opacity-100 w-full flex flex-col justify-center\" style=\"\">\n\t\n\n<h2 class=\"has-theme-blue-color has-text-color wp-block-heading\">Historia <\/h2>\n\n\n\n<p>PPS-e a wordu funda na 2015 i e ta un produkto di Cavalier Logistics. E mama kompania a sigui krese i e la ekspande i krese riba tereno aereo i tambe maritimo pa klientenan priva, kual ta PPS-e.<\/p>\n\n\n<\/div>\n\n\n\n<figure class=\"wp-block-image size-full\"><img loading=\"lazy\" decoding=\"async\" width=\"1024\" height=\"664\" src=\"https:\/\/www.pps-e.com\/wp-content\/uploads\/2023\/01\/about.jpg\" alt=\"\" class=\"wp-image-1985\" srcset=\"https:\/\/www.pps-e.com\/wp-content\/uploads\/2023\/01\/about.jpg 1024w, https:\/\/www.pps-e.com\/wp-content\/uploads\/2023\/01\/about-300x195.jpg 300w, https:\/\/www.pps-e.com\/wp-content\/uploads\/2023\/01\/about-768x498.jpg 768w\" sizes=\"auto, (max-width: 1024px) 100vw, 1024px\" \/><\/figure>\n\n\n<\/div>\n\n\n<\/div>\n\n<section class=\"bg-transparent bg-opacity-100 \" style=\"\">\n\t\n<\/section>\n\n\t<\/div>\n<\/div>\n\n\n<\/section><section class=\"my-16 bg-transparent bg-opacity-100 \" style=\"\">\n\t\n<div class=\"container mx-auto relative\" style=\"\">\n\t<div class=\"mx-auto px-5 bg-transparent bg-opacity-100 max-w-screen-xl \">\n\t\t\n<div class=\"pps-grid grid gap-16 lg:grid-cols-2\">\n\t\n<div class=\"bg-transparent bg-opacity-100 \" style=\"\">\n\t\n<div class=\"pps-card h-full pps-card-white \">\n\t\n<div class=\"pps-card-body \">\n\t\n<div class=\"content bg-transparent bg-opacity-100 w-full \" style=\"\">\n\t\n\n<h2 class=\"has-theme-blue-color has-text-color wp-block-heading\">Mishon <\/h2>\n\n\n\n<ul class=\"wp-block-list\">\n<li>Dedikshon i atenshon special ta importante pa nos: niun karga pa nos no ta grandi ni chiki.<\/li>\n\n\n\n<li>Entrega Rapido.<\/li>\n\n\n\n<li>Fuerte red internashonal, kadena log\u00edstika totalmente integr\u00e1 den e merkadonan prinsipal.<\/li>\n\n\n\n<li>Servisio fleksibel ku tempu di espera kortiku i ku prijsnan kompetitivo.<\/li>\n\n\n\n<li>Nos meta final ta: Kliente satisfecho.<\/li>\n<\/ul>\n\n\n<\/div>\n\n\n<\/div>\n\n\n<\/div>\n\n<\/div>\n\n\n<div class=\"bg-transparent bg-opacity-100 \" style=\"\">\n\t\n<div class=\"pps-card h-full pps-card-white \">\n\t\n<div class=\"pps-card-body \">\n\t\n<div class=\"content bg-transparent bg-opacity-100 w-full \" style=\"\">\n\t\n\n<h2 class=\"has-theme-blue-color has-text-color wp-block-heading\">Vision<\/h2>\n\n\n\n<ul class=\"wp-block-list\">\n<li>Ta e lider di merkado den Karibe, riba tereno di transporte internashonal.<\/li>\n\n\n\n<li>Transporte pa i for e merkadonan mas importante. <\/li>\n<\/ul>\n\n\n\n<ul class=\"wp-block-list\">\n<li>Klientenan konsumidor i priv\u00e1 lo risib\u00ed un eksperensia di env\u00edo sin problemas pa kompra (internet) i produktonan priv\u00e1: r\u00e1pido, barata i estandard.<\/li>\n<\/ul>\n\n\n<\/div>\n\n\n<\/div>\n\n\n<\/div>\n\n<\/div>\n\n\n<\/div>\n\n\t<\/div>\n<\/div>\n\n\n<\/section><section class=\"py-8 bg-blue-900 bg-opacity-100 \" style=\"\">\n\t\n<div class=\"container mx-auto relative\" style=\"\">\n\t<div class=\"mx-auto px-5 mx-auto bg-transparent bg-opacity-100 max-w-screen-xl \">\n\t\t\n<div class=\"pps-card h-full pps-card-white \">\n\t\n<div class=\"pps-card-body \">\n\t\n\n<figure class=\"wp-block-image size-full\"><img loading=\"lazy\" decoding=\"async\" width=\"710\" height=\"492\" src=\"https:\/\/www.pps-e.com\/wp-content\/uploads\/2022\/12\/marathon.jpg\" alt=\"\" class=\"wp-image-1704\" srcset=\"https:\/\/www.pps-e.com\/wp-content\/uploads\/2022\/12\/marathon.jpg 710w, https:\/\/www.pps-e.com\/wp-content\/uploads\/2022\/12\/marathon-300x208.jpg 300w\" sizes=\"auto, (max-width: 710px) 100vw, 710px\" \/><\/figure>\n\n\n<div class=\"content bg-transparent bg-opacity-100 w-full flex flex-col justify-center\" style=\"\">\n\t\n\n<h2 class=\"has-theme-red-color has-text-color wp-block-heading\">Cavalier i PPS-e ta invitabo <\/h2>\n\n\n\n<p>Pa partisipa na KLM Marathon-Run-Walk. Kada partisipante lo risibi un t shirt ku number riba dje, i tambe un medaya Bo tambe ke partisipa? &#13;\n&#13;\n&#13;\n<\/p>\n\n\n<\/div>\n\n\n<\/div>\n\n\n<\/div>\n\n\t<\/div>\n<\/div>\n\n\n<\/section>","protected":false},"excerpt":{"rendered":"","protected":false},"author":1,"featured_media":0,"parent":0,"menu_order":0,"comment_status":"closed","ping_status":"closed","template":"","meta":{"_acf_changed":false,"footnotes":""},"class_list":["post-2019","page","type-page","status-publish","hentry"],"acf":[],"featured_image_src":null,"_links":{"self":[{"href":"https:\/\/www.pps-e.com\/pap\/wp-json\/wp\/v2\/pages\/2019","targetHints":{"allow":["GET"]}}],"collection":[{"href":"https:\/\/www.pps-e.com\/pap\/wp-json\/wp\/v2\/pages"}],"about":[{"href":"https:\/\/www.pps-e.com\/pap\/wp-json\/wp\/v2\/types\/page"}],"author":[{"embeddable":true,"href":"https:\/\/www.pps-e.com\/pap\/wp-json\/wp\/v2\/users\/1"}],"replies":[{"embeddable":true,"href":"https:\/\/www.pps-e.com\/pap\/wp-json\/wp\/v2\/comments?post=2019"}],"version-history":[{"count":25,"href":"https:\/\/www.pps-e.com\/pap\/wp-json\/wp\/v2\/pages\/2019\/revisions"}],"predecessor-version":[{"id":2342,"href":"https:\/\/www.pps-e.com\/pap\/wp-json\/wp\/v2\/pages\/2019\/revisions\/2342"}],"wp:attachment":[{"href":"https:\/\/www.pps-e.com\/pap\/wp-json\/wp\/v2\/media?parent=2019"}],"curies":[{"name":"wp","href":"https:\/\/api.w.org\/{rel}","templated":true}]}}