{"id":2034,"date":"2023-01-09T11:17:35","date_gmt":"2023-01-09T11:17:35","guid":{"rendered":"https:\/\/www.pps-e.com\/sea-pak-ocean-freight\/"},"modified":"2025-01-31T18:52:42","modified_gmt":"2025-01-31T18:52:42","slug":"sea-pak-ocean-freight","status":"publish","type":"page","link":"https:\/\/www.pps-e.com\/pap\/sea-pak-ocean-freight\/","title":{"rendered":"Karga mar\u00edtimo"},"content":{"rendered":"<section class=\"py-4 bg-blue-900 bg-opacity-100 \" style=\"\">\n\t\n<div class=\"container mx-auto relative\" style=\"\">\n\t<div class=\"mx-auto px-5 mx-auto bg-transparent bg-opacity-100 max-w-none \">\n\t\t\n<div class=\"content bg-transparent bg-opacity-100 max-w-none w-full \" style=\"\">\n\t\n\n<h2 class=\"wp-block-heading has-text-align-center has-theme-white-color has-text-color has-large-font-size\" style=\"text-transform:capitalize\">Karga mar\u00edtimo<\/h2>\n\n\n<\/div>\n\n\n\t<\/div>\n<\/div>\n\n\n<\/section>\n\n<section class=\"bg-transparent bg-opacity-100 \" style=\"\">\n\t\n<div class=\"container mx-auto relative\" style=\"\">\n\t<div class=\"mx-auto px-5 mx-auto bg-transparent bg-opacity-100 max-w-screen-xl \">\n\t\t\n<div class=\"content bg-transparent bg-opacity-100 max-w-none w-full text-center w-full\" style=\"\">\n\t\n\n<h2 class=\"wp-block-heading has-theme-blue-color has-text-color has-large-font-size\">E mih\u00f3 variedat di s\u00e8rvisio di karga mar\u00edtimo<\/h2>\n\n\n<\/div>\n\n\n<div class=\"pps-card h-full pps-card-white \">\n\t\n<div class=\"pps-card-body \">\n\t\n\n<figure class=\"wp-block-image size-large\"><img loading=\"lazy\" decoding=\"async\" width=\"1024\" height=\"576\" src=\"https:\/\/www.pps-e.com\/wp-content\/uploads\/2022\/12\/cargo-ship-1024x576.jpg\" alt=\"\" class=\"wp-image-1768\" srcset=\"https:\/\/www.pps-e.com\/wp-content\/uploads\/2022\/12\/cargo-ship-1024x576.jpg 1024w, https:\/\/www.pps-e.com\/wp-content\/uploads\/2022\/12\/cargo-ship-300x169.jpg 300w, https:\/\/www.pps-e.com\/wp-content\/uploads\/2022\/12\/cargo-ship-768x432.jpg 768w, https:\/\/www.pps-e.com\/wp-content\/uploads\/2022\/12\/cargo-ship.jpg 1280w\" sizes=\"auto, (max-width: 1024px) 100vw, 1024px\" \/><\/figure>\n\n\n<div class=\"content bg-transparent bg-opacity-100 w-full flex flex-col justify-center\" style=\"\">\n\t\n\n<h2 class=\"wp-block-heading has-theme-red-color has-text-color\">PPS-e ta ofres\u00e9 diferente servisio di karga mar\u00edtimo for di i pa Karibe Hulandes.<\/h2>\n\n\n\n<p>PPS-e ta skohe e mih\u00f3 linea di barku pa bai bo destinashon. Nos s\u00e8rvisio standart ta di dep\u00f3sito na dep\u00f3sito. E ta inklu\u00ed transporte pa linea di transporte den un k\u00f2nteiner, almasenamento temporal i dokumentunan di duana. Servisio opshonal ta: tuma\/risibi i entrega and delivery, seguro. E kargamento mar\u00edtimo ta pa prinsipalmente pakete grandi mas volumen (kompar\u00e1 ku kargamento a\u00e9reo). Naturalmente, tur kargamento ta sumamente importante i PPS ta atend\u00e9 esaki di un manera r\u00e1pido!<\/p>\n\n\n<\/div>\n\n\n<\/div>\n\n\n<\/div>\n\n\t<\/div>\n<\/div>\n\n\n<\/section>\n\n<section class=\"py-16 my-16 bg-white bg-opacity-100 \" style=\"\">\n\t\n<div class=\"container mx-auto relative\" style=\"\">\n\t<div class=\"mx-auto px-5 bg-transparent bg-opacity-100 max-w-screen-xl \">\n\t\t\n<div class=\"pps-grid grid gap-16 lg:grid-cols-2\">\n\t\n<div class=\"bg-transparent bg-opacity-100 \" style=\"\">\n\t\n<div class=\"pps-card h-full pps-card-white \">\n\t\n<div class=\"pps-card-body \">\n\t\n<div class=\"content p-0 bg-transparent bg-opacity-100 w-full \" style=\"\">\n\t\n\n<h2 class=\"wp-block-heading has-theme-blue-color has-text-color\">Servisionan mar\u00edtimo konsolid\u00e1<\/h2>\n\n\n\n<ul class=\"wp-block-list\">\n<li>Eksportashon ku destinashon pa Hulanda, St. Maarten i Surnam: mensual.<\/li>\n\n\n\n<li>Importashon for di Hulanda i Miami (un biaha pa siman)<\/li>\n\n\n\n<li>Eksportashon i importashon entre e islanan:\n<ul class=\"wp-block-list\">\n<li>Entre K\u00f2rsou i Boneiru: semanal.<\/li>\n\n\n\n<li>Entre K\u00f2rsou i Aruba: dos biaha pa siman<\/li>\n\n\n\n<li>Entre Aruba i Boneiru: via K\u00f2rsou.<\/li>\n<\/ul>\n<\/li>\n<\/ul>\n\n\n<\/div>\n\n\n<\/div>\n\n\n<\/div>\n\n<\/div>\n\n\n<div class=\"bg-transparent bg-opacity-100 \" style=\"\">\n\t\n<div class=\"pps-card h-full pps-card-white \">\n\t\n<div class=\"pps-card-body \">\n\t\n<div class=\"content p-0 bg-transparent bg-opacity-100 w-full \" style=\"\">\n\t\n\n<h2 class=\"wp-block-heading has-theme-blue-color has-text-color\">Spesifikashon:<\/h2>\n\n\n\n<ul class=\"wp-block-list\">\n<li>E paketenan lo keda kombin\u00e1 pa un konsolidashon, ku ta efisiente na gastunan, di karga mar\u00edtimo.<\/li>\n\n\n\n<li>Pa mas tard\u00e1, 5 dia prome ku salida di e barku (nos lo inform\u00e1 tokante e planifikashon)<\/li>\n\n\n\n<li>Tempu total di nabegashon:\n<ul class=\"wp-block-list\">\n<li>For di Hulanda pa Aruba, Boneiru i K\u00f2rsou: mas o m\u00e9nos 2.5 siman.<\/li>\n\n\n\n<li>For di Aruba, Boneiru i K\u00f2rsou pa Hulanda: mas o m\u00e9nos 4 siman.<\/li>\n\n\n\n<li>For di Miami pa Aruba, Boneiru i K\u00f2rsou: mas o m\u00e9nos 1 siman.<\/li>\n\n\n\n<li>For di Aruba, Boneiru i K\u00f2rsou pa Surnam: mas o m\u00e9nos 6 siman.<\/li>\n\n\n\n<li>For di Aruba, Boneiru i K\u00f2rsou pa St. Maarten: mas o m\u00e9nos 6 siman.<\/li>\n\n\n\n<li>Entre islanan Aruba, Boneiru i K\u00f2rsou: mas o m\u00e9nos 1 dia.<\/li>\n<\/ul>\n<\/li>\n\n\n\n<li>Paketenan ta keda kontrol\u00e1 i inspekshon\u00e1 dor di duana.<\/li>\n\n\n\n<li>Kompanianan mester por identifik\u00e1 nan mes a base di un prueba legal.<\/li>\n\n\n\n<li>E pakete no por tin kontenido speshal, maera produkto peligroso, komestibel, i ku ta pas den kahanan n\u00f2rmal.<\/li>\n\n\n\n<li>Seguro di transporte ta disponibel na un tarifa mas haltu.<\/li>\n\n\n\n<li>Servisio pa buska i entreg\u00e1 ta disponibel.<\/li>\n<\/ul>\n\n\n<\/div>\n\n\n<\/div>\n\n\n<\/div>\n\n<\/div>\n\n\n<\/div>\n\n\t<\/div>\n<\/div>\n\n\n<\/section>\n\n<section class=\"my-16 bg-transparent bg-opacity-100 \" style=\"\">\n\t\n<div class=\"container mx-auto relative\" style=\"\">\n\t<div class=\"mx-auto px-5 bg-transparent bg-opacity-100 max-w-screen-xl \">\n\t\t\n<div class=\"pps-grid grid gap-16 lg:grid-cols-2\">\n\t\n<div class=\"\" style=\"\">\n\t\n<div class=\"pps-card h-full pps-card-white \">\n\t\n<div class=\"pps-card-body \">\n\t\n<div class=\"content bg-transparent bg-opacity-100 w-full \" style=\"\">\n\t\n\n<h2 class=\"wp-block-heading has-theme-blue-color has-text-color\"> Importashon:<\/h2>\n\n\n\n<p>Importashon di produkto: E momentu ku bo ta risibi merkansia for di eksterior.<\/p>\n\n\n\n<p>\u00c8h\u00e8mpel: bo ta kumpra algu online riba Ebay i e ta keda transport\u00e1 na bo kas.<\/p>\n\n\n\n<p>PPS-e tin e servisio di importashon a\u00e9reo i mar\u00edtimo pa basta a\u00f1a kaba. Nos ta ofres\u00e9 e servisio importashon for di nos dep\u00f3sito den mangasina te na bo porta di kas. Nos ta ofres\u00e9 servisio a\u00e9reo konsolid\u00e1 mas ku seminal i servisio mar\u00edtimo konsolid\u00e1 mensual.<\/p>\n\n\n\n<p>E demanda di mas haltu di importashon pa islanan ABC ta for di Hulanda i Merka<\/p>\n\n\n<\/div>\n\n\n<\/div>\n\n\n<\/div>\n\n<\/div>\n\n\n<div class=\"bg-transparent bg-opacity-100 \" style=\"\">\n\t\n<div class=\"pps-card h-full pps-card-white \">\n\t\n<div class=\"pps-card-body \">\n\t\n<div class=\"content bg-transparent bg-opacity-100 w-full \" style=\"\">\n\t\n\n<h2 class=\"wp-block-heading has-theme-blue-color has-text-color\">Eksportashon<\/h2>\n\n\n\n<p>Bo por eksport\u00e1 bo merkansia serka nos! Nos ta yuda bo pa manda bo pakete ambos via servioso mar\u00edtimo i servisio a\u00e9reo, pa kualke pais. Nos servisio di eksportashon ta kla par\u00e1 pa fasilmente manda bo pakete pa famia i amigunan, i duna nan e sintimentu ku nan ta na kas.<\/p>\n\n\n<div class=\"wp-block-image\">\n<figure class=\"aligncenter size-full\"><img loading=\"lazy\" decoding=\"async\" width=\"570\" height=\"650\" src=\"https:\/\/www.pps-e.com\/wp-content\/uploads\/2025\/01\/pps-e-pricing-sea.png\" alt=\"\" class=\"wp-image-2712\" srcset=\"https:\/\/www.pps-e.com\/wp-content\/uploads\/2025\/01\/pps-e-pricing-sea.png 570w, https:\/\/www.pps-e.com\/wp-content\/uploads\/2025\/01\/pps-e-pricing-sea-263x300.png 263w\" sizes=\"auto, (max-width: 570px) 100vw, 570px\" \/><\/figure>\n<\/div>\n\n<\/div>\n\n\n<\/div>\n\n\n<\/div>\n\n<\/div>\n\n\n<\/div>\n\n\t<\/div>\n<\/div>\n\n\n<\/section>\n\n<section class=\"py-8 bg-gray-300 bg-opacity-100 \" style=\"\">\n\t\n<div class=\"container mx-auto relative\" style=\"\">\n\t<div class=\"mx-auto px-5 mx-auto bg-transparent bg-opacity-100 max-w-screen-2xl \">\n\t\t\n\n<h2 class=\"wp-block-heading has-text-align-center has-theme-white-color has-text-color has-large-font-size\">Servisionan adishonal<\/h2>\n\n\n\n<div style=\"height:20px\" aria-hidden=\"true\" class=\"wp-block-spacer\"><\/div>\n\n\n<div class=\"pps-grid grid gap-8 lg:grid-cols-3\">\n\t\n<div class=\"bg-transparent bg-opacity-100 \" style=\"\">\n\t\n<div class=\"pps-card h-full pps-card-white \">\n\t\n<div class=\"pps-card-body flex-col\">\n\t\n\n<figure class=\"wp-block-image size-full is-style-default\"><img loading=\"lazy\" decoding=\"async\" width=\"640\" height=\"360\" src=\"https:\/\/www.pps-e.com\/wp-content\/uploads\/2022\/10\/moving.jpg\" alt=\"\" class=\"wp-image-1159\" srcset=\"https:\/\/www.pps-e.com\/wp-content\/uploads\/2022\/10\/moving.jpg 640w, https:\/\/www.pps-e.com\/wp-content\/uploads\/2022\/10\/moving-300x169.jpg 300w\" sizes=\"auto, (max-width: 640px) 100vw, 640px\" \/><\/figure>\n\n\n<div class=\"content p-4 bg-transparent bg-opacity-100 w-full \" style=\"\">\n\t\n\n<h2 class=\"wp-block-heading has-text-align-left has-theme-blue-color has-text-color has-medium-font-size\" style=\"font-style:normal;font-weight:600\"><a href=\"https:\/\/www.pps-e.com\/pap\/kambia-kas\/\" data-type=\"page\" data-id=\"626\">Muda<\/a><\/h2>\n\n\n\n<p>Bo ta bai muda?<\/p>\n\n\n\n<p>Mudansa internashonal&#8230; Nos ta hasi tur kos!<br\/>Nos ta brinda servisionan di mudansa profesional i amistoso.<\/p>\n\n\n\n<div class=\"wp-block-buttons is-layout-flex wp-block-buttons-is-layout-flex\">\n<div class=\"wp-block-button is-style-fill\"><a class=\"wp-block-button__link has-theme-white-color has-theme-red-background-color has-text-color has-background wp-element-button\" href=\"https:\/\/www.pps-e.com\/pap\/kambia-kas\/\" style=\"border-radius:0px\">Mas informashon<\/a><\/div>\n<\/div>\n\n\n<\/div>\n\n\n<\/div>\n\n\n<\/div>\n\n<\/div>\n\n\n<div class=\"bg-transparent bg-opacity-100 \" style=\"\">\n\t\n<div class=\"pps-card h-full pps-card-white \">\n\t\n<div class=\"pps-card-body flex-col\">\n\t\n\n<figure class=\"wp-block-image size-full is-style-default\"><img loading=\"lazy\" decoding=\"async\" width=\"640\" height=\"360\" src=\"https:\/\/www.pps-e.com\/wp-content\/uploads\/2022\/10\/storage.jpg\" alt=\"\" class=\"wp-image-1153\" srcset=\"https:\/\/www.pps-e.com\/wp-content\/uploads\/2022\/10\/storage.jpg 640w, https:\/\/www.pps-e.com\/wp-content\/uploads\/2022\/10\/storage-300x169.jpg 300w\" sizes=\"auto, (max-width: 640px) 100vw, 640px\" \/><\/figure>\n\n\n<div class=\"content p-4 bg-transparent bg-opacity-100 w-full \" style=\"\">\n\t\n\n<h2 class=\"wp-block-heading has-text-align-left has-theme-blue-color has-text-color has-medium-font-size\" style=\"font-style:normal;font-weight:600\">Dep\u00f3sito pa warda merkansia.<\/h2>\n\n\n\n<p><strong>PPS-e Dep\u00f3sito pa warda despues di yega na Aruba, Bonaire of Cura\u00e7ao.<\/strong><br\/><\/p>\n\n\n\n<p>PPS-e ta ofres\u00e9 kliente 14 dianan di almasenash grat\u00eds despues di yegada. Despues di e 14 dianan, nos kobra 0.03 sent pa kilo pa dia.<\/p>\n\n\n\n<p>Ta hopi importante ku e mersansia ta wordu desaduan\u00e1 den 30 dianan despues di yegada. Si no, e paketonan lo wordu transfer\u00ed pa un almasen di gobi\u00e8rnu ku ta ten\u00e9 un vakanan di aduana, kaminda tarifanan mas haltu ta aplik\u00e1.<\/p>\n\n\n\n<p>Pa m3 (\u00f2f parti ku ta eksist\u00ed, p.e. 1 parcele) pa 2 siman 19.00, i e prom\u00e9 2 siman, 28.50 pa periodu di 2 siman.<\/p>\n\n\n\n<div class=\"wp-block-buttons is-layout-flex wp-block-buttons-is-layout-flex\">\n<div class=\"wp-block-button is-style-fill\"><a class=\"wp-block-button__link has-theme-white-color has-theme-red-background-color has-text-color has-background wp-element-button\" href=\"https:\/\/www.pps-e.com\/pap\/deposito-den-mangasina\/\" style=\"border-radius:0px\">Mas informashon<\/a><\/div>\n<\/div>\n\n\n<\/div>\n\n\n<\/div>\n\n\n<\/div>\n\n<\/div>\n\n\n<div class=\"bg-transparent bg-opacity-100 \" style=\"\">\n\t\n<div class=\"pps-card h-full pps-card-white \">\n\t\n<div class=\"pps-card-body flex-col\">\n\t\n\n<figure class=\"wp-block-image size-full is-style-default\"><img loading=\"lazy\" decoding=\"async\" width=\"640\" height=\"360\" src=\"https:\/\/www.pps-e.com\/wp-content\/uploads\/2022\/12\/pickupdelivery.jpg\" alt=\"\" class=\"wp-image-1761\" srcset=\"https:\/\/www.pps-e.com\/wp-content\/uploads\/2022\/12\/pickupdelivery.jpg 640w, https:\/\/www.pps-e.com\/wp-content\/uploads\/2022\/12\/pickupdelivery-300x169.jpg 300w\" sizes=\"auto, (max-width: 640px) 100vw, 640px\" \/><\/figure>\n\n\n<div class=\"content p-4 bg-transparent bg-opacity-100 w-full \" style=\"\">\n\t\n\n<h2 class=\"wp-block-heading has-text-align-left has-theme-blue-color has-text-color has-medium-font-size\" style=\"font-style:normal;font-weight:600\"><a href=\"https:\/\/www.pps-e.com\/pap\/buska-i-entrega\/\" data-type=\"page\" data-id=\"546\">Pick Up &amp; Delivery<\/a><\/h2>\n\n\n\n<p>Si akas obo no tin transporte disponibel, nos por busk abo karga pa e keda eksport\u00e1.<\/p>\n\n\n\n<p>Ku tur siguransia bo karga lo keda entreg\u00e1 te den bo porta, na momentu ku tur formulario di duana keda aprob\u00e1 i pag\u00e1.<\/p>\n\n\n\n<p>Nos ta buska i entreg\u00e1 bo karga, hasiendo uso di un servisio profeshonal di buska i entrego di porta pa porta.<\/p>\n\n\n\n<p>Pa sierto servisionan e servisio ta inklu\u00ed kaba, pa otro servisio esaki ta opshonal. Gastu por keda kalkul\u00e1 a base di peso i mid\u00ed. Den otro kaso tuma kontakto ku ofisina di PPS-e pa kalkulashon di e gastunan.<\/p>\n\n\n\n<div class=\"wp-block-buttons is-layout-flex wp-block-buttons-is-layout-flex\">\n<div class=\"wp-block-button is-style-fill\"><a class=\"wp-block-button__link has-theme-white-color has-theme-red-background-color has-text-color has-background wp-element-button\" href=\"https:\/\/www.pps-e.com\/pap\/buska-i-entrega\/\" style=\"border-radius:0px\">Mas informashon<\/a><\/div>\n<\/div>\n\n\n<\/div>\n\n\n<\/div>\n\n\n<\/div>\n\n<\/div>\n\n\n<\/div>\n\n\t<\/div>\n<\/div>\n\n\n<\/section>\n\n<section class=\"py-4 bg-blue-900 bg-opacity-100 \" style=\"\">\n\t\n<div class=\"container mx-auto relative\" style=\"\">\n\t<div class=\"mx-auto px-5 mx-auto bg-transparent bg-opacity-100 max-w-none \">\n\t\t\n<div class=\"content bg-transparent bg-opacity-100 max-w-none w-full \" style=\"\">\n\t\n\n<h2 class=\"has-text-align-center has-theme-white-color has-text-color has-large-font-size wp-block-heading\" style=\"text-transform:capitalize\">Kla? Mand\u00e9. Bai.<\/h2>\n\n\n\n<p class=\"has-text-align-center has-theme-white-color has-text-color has-medium-font-size\">Hasi petishon online. Lih\u00e9 i fasil.<\/p>\n\n\n\n<div class=\"wp-block-buttons rounded-none is-content-justification-center is-layout-flex wp-container-core-buttons-is-layout-16018d1d wp-block-buttons-is-layout-flex\">\n<div class=\"wp-block-button\"><a class=\"wp-block-button__link has-theme-blue-color has-theme-white-background-color has-text-color has-background wp-element-button\" href=\"https:\/\/www.pps-e.com\/pap\/petishon-pa-servisio\/\" style=\"border-radius:0px\">Hasi petishon pa servisio<\/a><\/div>\n<\/div>\n\n\n<\/div>\n\n\n\t<\/div>\n<\/div>\n\n\n<\/section>","protected":false},"excerpt":{"rendered":"","protected":false},"author":2,"featured_media":0,"parent":0,"menu_order":0,"comment_status":"closed","ping_status":"closed","template":"","meta":{"_acf_changed":false,"footnotes":""},"class_list":["post-2034","page","type-page","status-publish","hentry"],"acf":[],"featured_image_src":null,"_links":{"self":[{"href":"https:\/\/www.pps-e.com\/pap\/wp-json\/wp\/v2\/pages\/2034","targetHints":{"allow":["GET"]}}],"collection":[{"href":"https:\/\/www.pps-e.com\/pap\/wp-json\/wp\/v2\/pages"}],"about":[{"href":"https:\/\/www.pps-e.com\/pap\/wp-json\/wp\/v2\/types\/page"}],"author":[{"embeddable":true,"href":"https:\/\/www.pps-e.com\/pap\/wp-json\/wp\/v2\/users\/2"}],"replies":[{"embeddable":true,"href":"https:\/\/www.pps-e.com\/pap\/wp-json\/wp\/v2\/comments?post=2034"}],"version-history":[{"count":18,"href":"https:\/\/www.pps-e.com\/pap\/wp-json\/wp\/v2\/pages\/2034\/revisions"}],"predecessor-version":[{"id":2740,"href":"https:\/\/www.pps-e.com\/pap\/wp-json\/wp\/v2\/pages\/2034\/revisions\/2740"}],"wp:attachment":[{"href":"https:\/\/www.pps-e.com\/pap\/wp-json\/wp\/v2\/media?parent=2034"}],"curies":[{"name":"wp","href":"https:\/\/api.w.org\/{rel}","templated":true}]}}