{"id":2042,"date":"2023-01-09T12:10:02","date_gmt":"2023-01-09T12:10:02","guid":{"rendered":"https:\/\/www.pps-e.com\/preis\/"},"modified":"2023-05-26T13:57:58","modified_gmt":"2023-05-26T13:57:58","slug":"preis","status":"publish","type":"page","link":"https:\/\/www.pps-e.com\/pap\/preis\/","title":{"rendered":"Preis"},"content":{"rendered":"\n<div class=\"wp-block-group hidden\"><div class=\"wp-block-group__inner-container is-layout-constrained wp-block-group-is-layout-constrained\"><section class=\"bg-no-repeat bg-white bg-opacity-100 bg-cover bg-center max-w-none \" style=\"background-image: url('https:\/\/www.pps-e.com\/wp-content\/uploads\/2022\/08\/air_freight_and_removals.jpg');\">\n\t\n<div class=\"container mx-auto relative\" style=\"\">\n\t<div class=\"mx-auto bg-transparent max-w-none \">\n\t\t\n<div class=\"container mx-auto relative\" style=\"\">\n\t<div class=\"mx-auto bg-transparent bg-opacity-100 max-w-screen-xl \">\n\t\t\n<div class=\"container mx-auto relative\" style=\"\">\n\t<div class=\"mx-auto bg-transparent bg-opacity-100 flex flex-col-reverse \">\n\t\t\n<div class=\"container mx-auto relative\" style=\"\">\n\t<div class=\"mx-auto p-3 bg-transparent bg-opacity-100 max-w-screen-lg \">\n\t\t\n<div class=\"content pb-24 pt-16 mx-auto mt-0 bg-transparent bg-opacity-100 w-full \" style=\"\">\n\t\n\n<h1 class=\"has-text-align-center has-theme-white-color has-text-color wp-block-heading\">Karga pa Avion \/ Karga A\u00e9reo<\/h1>\n\n\n\n<p class=\"has-text-align-center has-theme-white-color has-text-color\" style=\"font-size:18px\">PPS-E ta ofres\u00e9 un variedat di servisionan di karga a\u00e9reo for di i pa K\u00f2rsou Hulandes. PPS ta selekshon\u00e1 e mehor aerolinia pa bula pa bo destinashon.<\/p>\n\n\n<\/div>\n\n\n\t<\/div>\n<\/div>\n\n\n\t<\/div>\n<\/div>\n\n\n\t<\/div>\n<\/div>\n\n\n\t<\/div>\n<\/div>\n\n\n<\/section>\n\n<section class=\"pt-16 my-12 bg-transparent bg-opacity-100 \" style=\"\">\n\t\n<div class=\"container mx-auto relative\" style=\"\">\n\t<div class=\"mx-auto px-5 pb-16 mx-auto bg-transparent bg-opacity-100 max-w-screen-xl \">\n\t\t\n<div class=\"pps-grid grid gap-16 lg:grid-cols-2\">\n\t\n<div class=\"\" style=\"\">\n\t\n<div class=\"pps-card h-full pps-card-white \">\n\t\n<div class=\"pps-card-body \">\n\t\n<div class=\"content bg-transparent bg-opacity-100 w-full \" style=\"\">\n\t\n\n<h2 class=\"has-theme-red-color has-text-color wp-block-heading\"> Importashon<\/h2>\n\n\n\n<p>Importashon di produkto: E momentu ku bo ta risibi merkansia for di eksterior.<\/p>\n\n\n\n<p>Pa eh\u00e8mpel: bo kumpra algu na l\u00ecnea riba eBay i esaki lo wordu entreg\u00e1 na bo kas.<br\/><\/p>\n\n\n\n<p>PPS-E ta brind\u00e1 servisionan di importashon pa medio di karga a\u00e9reo i karga mar\u00edtimo pa hopi a\u00f1a. Nos ta ofres\u00e9 un servisio kompleto di importashon for di e punto di rekohe na e almasen te entrege na bo porta. Nos ta ofres\u00e9 mas ku konolidashonnan a\u00e9reo semanal i konolidashonnan mar\u00edtimo semanal\/mensual.<br\/><\/p>\n\n\n\n<p>E fluionan prinsipal di pakehonan ta pa K\u00f2rsou Hulandes: Aruba, Bonaire i K\u00f2rsou for di Hulanda i Merka.<\/p>\n\n\n<\/div>\n\n\n<\/div>\n\n\n<\/div>\n\n<\/div>\n\n\n<div class=\"\" style=\"\">\n\t\n<div class=\"pps-card h-full pps-card-white \">\n\t\n<div class=\"pps-card-body \">\n\t\n<div class=\"content bg-transparent bg-opacity-100 w-full \" style=\"\">\n\t\n\n<h2 class=\"has-theme-blue-color has-text-color wp-block-heading\">Eksp\u00f2rt<\/h2>\n\n\n\n<p>Eksportashon di produkto; Na momentu ku bo ta manda merkansia eksterior.<\/p>\n\n\n\n<p>Por ehempel: Bo ta biba na Korsow i bo ta manda un pakete pa bo yu ku ta biba na Hulanda.<br\/><\/p>\n\n\n\n<p>Bo por eksport\u00e1 bo produktonan ku nos! Nos ta yudabu pa transport\u00e1 bo pakete tanto pa karga mar\u00edtimo komo pa karga a\u00e9reo pa kualke otro pais.<br\/><\/p>\n\n\n\n<p>Nos servisio di eksp\u00f2rtashon ta duna bo e posibilidat pa manda f\u00e1silmente bo pakete na famia i amigu i hasi nan sinti nan mes manera si nan ta na kas. Nos ta hiba bo pakete te na p\u00f2rtanan di un otro pais.<\/p>\n\n\n<\/div>\n\n\n<\/div>\n\n\n<\/div>\n\n<\/div>\n\n\n<\/div>\n\n\t<\/div>\n<\/div>\n\n\n<\/section><\/div><\/div>\n<section class=\"py-4 bg-blue-900 bg-opacity-100 \" style=\"\">\n\t\n<div class=\"container mx-auto relative\" style=\"\">\n\t<div class=\"mx-auto px-5 mx-auto bg-transparent bg-opacity-100 max-w-none \">\n\t\t\n<div class=\"content bg-transparent bg-opacity-100 max-w-none w-full \" style=\"\">\n\t\n\n<h2 class=\"has-text-align-center has-theme-white-color has-text-color has-large-font-size wp-block-heading\" style=\"text-transform:capitalize\">Preis<\/h2>\n\n\n<\/div>\n\n\n\t<\/div>\n<\/div>\n\n\n<\/section><section class=\"bg-transparent bg-opacity-100 \" style=\"\">\n\t\n<div class=\"container mx-auto relative\" style=\"\">\n\t<div class=\"mx-auto px-5 mx-auto bg-transparent bg-opacity-100 max-w-screen-xl \">\n\t\t\n<div class=\"content bg-transparent bg-opacity-100 max-w-none w-full text-center w-full\" style=\"\">\n\t\n<\/div>\n\n\n<div class=\"pps-card h-full pps-card-white \">\n\t\n<div class=\"pps-card-body \">\n\t\n\n<figure class=\"wp-block-image size-large\"><img loading=\"lazy\" decoding=\"async\" width=\"1024\" height=\"966\" src=\"https:\/\/www.pps-e.com\/wp-content\/uploads\/2022\/12\/pricing-1-1024x966.jpg\" alt=\"\" class=\"wp-image-1630\" srcset=\"https:\/\/www.pps-e.com\/wp-content\/uploads\/2022\/12\/pricing-1-1024x966.jpg 1024w, https:\/\/www.pps-e.com\/wp-content\/uploads\/2022\/12\/pricing-1-300x283.jpg 300w, https:\/\/www.pps-e.com\/wp-content\/uploads\/2022\/12\/pricing-1-768x724.jpg 768w, https:\/\/www.pps-e.com\/wp-content\/uploads\/2022\/12\/pricing-1.jpg 1181w\" sizes=\"auto, (max-width: 1024px) 100vw, 1024px\" \/><\/figure>\n\n\n<div class=\"content bg-transparent bg-opacity-100 w-full flex flex-col justify-center\" style=\"\">\n\t\n\n<h2 class=\"has-theme-red-color has-text-color wp-block-heading\">Paga solamente pa loke bo tin mester di.<\/h2>\n\n\n\n<p>Tario di PPS-E ta bas\u00e1 riba peso i dimension, moda di transporte, or\u00edgen i destinashon, i un kliente por agreh\u00e1 diferente opshonnan (pikamentu, entrege, aseguro i material di embalash).<br\/><br\/>Tario di karga a\u00e9reo ta wordu determin\u00e1 bas\u00e1 riba peso volumen (LWH).<br\/><br\/>Tario di karga mar\u00edtimo ta wordu determin\u00e1 pa kaha \u00f2f pa metro k\u00fabiko (M3 \u00f2f pia k\u00fabiko).<br\/><br\/>E opshonnan ta wordu kalkul\u00e1 separadamente i por tin kostunan diferent \u00f2f adishonal, manera balor, distansia, lokalidat.<br\/><br\/>Preishinan ta eksklui impuesto i belasting riba balor.<br\/><br\/>Nos personal di servisio al kliente por yudabo pa determin\u00e1 e balor di aduana i e% relashon\u00e1 ku impuesto i belasting, si bo por present\u00e1 un faktura komersial. Impuesto\/belasting final semper lo wordu determin\u00e1 pa aduana i por ta diferente di e estimashon inicial.<\/p>\n\n\n<\/div>\n\n\n<\/div>\n\n\n<\/div>\n\n\t<\/div>\n<\/div>\n\n\n<\/section><section class=\"bg-transparent bg-opacity-100 \" style=\"\">\n\t\n<div class=\"container mx-auto relative\" style=\"\">\n\t<div class=\"mx-auto px-5 mx-auto bg-transparent bg-opacity-100 max-w-screen-xl \">\n\t\t\n<div class=\"content bg-transparent bg-opacity-100 max-w-none w-full text-center w-full\" style=\"\">\n\t\n<\/div>\n\n\n<div class=\"pps-card h-full pps-card-white \">\n\t\n<div class=\"pps-card-body \">\n\t\n<div class=\"content bg-transparent bg-opacity-100 w-full flex flex-col justify-center\" style=\"\">\n\t\n\n<h2 class=\"has-theme-blue-color has-text-color wp-block-heading\">Metodo di pago <\/h2>\n\n\n\n<p>Kon nos klientenan por paga?&#13;\nPPS-e ta asepta diferente forma di pago.&#13;\n&#13;\nNos ta asepta, Pago Kesh, Targeta di kredito, Transferi sen via kuenta bankario&#13;\n&#13;\nPa transferensha di banko, adhunto nos numbernan di kuenta di banko i e numbernan di SWIFT aplikabel:&#13;\n&#13;\n    MCB 26 04 32 09 &#8211;\u00a0\u00a0SWIFT: MCBKCWCU&#13;\n    RBC 8 000 000 104 604 383 &#8211;\u00a0\u00a0SWIFT:\u00a0RBTTCWCU&#13;\n    \u00a0&#13;\n&#13;\nNos no ta asepta Amex, Kompa Leon, Credit Card, Check priva, ni nos no ta asepta sen cash na momentu di entrega<\/p>\n\n\n\n<h2 class=\"has-theme-blue-color has-text-color wp-block-heading\">Definishonnan di Belasting<\/h2>\n\n\n\n<p>Prices ta inklui of eklsui impuesto riba servisio manera indika;&#13;\n&#13;\nNa Aruba BBO, Bonaire ABB and in Cura\u00e7ao OB<\/p>\n\n\n<\/div>\n\n\n\n<figure class=\"wp-block-image size-full\"><img loading=\"lazy\" decoding=\"async\" width=\"1000\" height=\"1000\" src=\"https:\/\/www.pps-e.com\/wp-content\/uploads\/2023\/01\/payment-methods.jpg\" alt=\"\" class=\"wp-image-1996\" srcset=\"https:\/\/www.pps-e.com\/wp-content\/uploads\/2023\/01\/payment-methods.jpg 1000w, https:\/\/www.pps-e.com\/wp-content\/uploads\/2023\/01\/payment-methods-300x300.jpg 300w, https:\/\/www.pps-e.com\/wp-content\/uploads\/2023\/01\/payment-methods-150x150.jpg 150w, https:\/\/www.pps-e.com\/wp-content\/uploads\/2023\/01\/payment-methods-768x768.jpg 768w\" sizes=\"auto, (max-width: 1000px) 100vw, 1000px\" \/><\/figure>\n\n\n<\/div>\n\n\n<\/div>\n\n\t<\/div>\n<\/div>\n\n\n\n<div style=\"height:100px\" aria-hidden=\"true\" class=\"wp-block-spacer\"><\/div>\n\n\n<\/section><section class=\"py-4 bg-blue-900 bg-opacity-100 \" style=\"\">\n\t\n<div class=\"container mx-auto relative\" style=\"\">\n\t<div class=\"mx-auto px-5 mx-auto bg-transparent bg-opacity-100 max-w-none \">\n\t\t\n<div class=\"content bg-transparent bg-opacity-100 max-w-none w-full \" style=\"\">\n\t\n\n<h2 class=\"has-text-align-center has-theme-white-color has-text-color has-large-font-size wp-block-heading\" style=\"text-transform:capitalize\">Kla? Mand\u00e9. Bai.<\/h2>\n\n\n\n<p class=\"has-text-align-center has-theme-white-color has-text-color has-medium-font-size\">Hasi petishon online. Lih\u00e9 i fasil.<\/p>\n\n\n\n<div class=\"wp-block-buttons rounded-none is-content-justification-center is-layout-flex wp-container-core-buttons-is-layout-16018d1d wp-block-buttons-is-layout-flex\">\n<div class=\"wp-block-button\"><a class=\"wp-block-button__link has-theme-blue-color has-theme-white-background-color has-text-color has-background wp-element-button\" href=\"https:\/\/www.pps-e.com\/pap\/petishon-pa-servisio\/\" style=\"border-radius:0px\">Hasi petishon pa servisio<\/a><\/div>\n<\/div>\n\n\n<\/div>\n\n\n\t<\/div>\n<\/div>\n\n\n<\/section>","protected":false},"excerpt":{"rendered":"","protected":false},"author":1,"featured_media":0,"parent":0,"menu_order":0,"comment_status":"closed","ping_status":"closed","template":"","meta":{"_acf_changed":false,"footnotes":""},"class_list":["post-2042","page","type-page","status-publish","hentry"],"acf":[],"featured_image_src":null,"_links":{"self":[{"href":"https:\/\/www.pps-e.com\/pap\/wp-json\/wp\/v2\/pages\/2042","targetHints":{"allow":["GET"]}}],"collection":[{"href":"https:\/\/www.pps-e.com\/pap\/wp-json\/wp\/v2\/pages"}],"about":[{"href":"https:\/\/www.pps-e.com\/pap\/wp-json\/wp\/v2\/types\/page"}],"author":[{"embeddable":true,"href":"https:\/\/www.pps-e.com\/pap\/wp-json\/wp\/v2\/users\/1"}],"replies":[{"embeddable":true,"href":"https:\/\/www.pps-e.com\/pap\/wp-json\/wp\/v2\/comments?post=2042"}],"version-history":[{"count":10,"href":"https:\/\/www.pps-e.com\/pap\/wp-json\/wp\/v2\/pages\/2042\/revisions"}],"predecessor-version":[{"id":2382,"href":"https:\/\/www.pps-e.com\/pap\/wp-json\/wp\/v2\/pages\/2042\/revisions\/2382"}],"wp:attachment":[{"href":"https:\/\/www.pps-e.com\/pap\/wp-json\/wp\/v2\/media?parent=2042"}],"curies":[{"name":"wp","href":"https:\/\/api.w.org\/{rel}","templated":true}]}}