{"id":2295,"date":"2023-05-10T01:35:52","date_gmt":"2023-05-10T01:35:52","guid":{"rendered":"https:\/\/www.pps-e.com\/kambia-kas\/"},"modified":"2023-05-25T15:44:48","modified_gmt":"2023-05-25T15:44:48","slug":"kambia-kas","status":"publish","type":"page","link":"https:\/\/www.pps-e.com\/pap\/kambia-kas\/","title":{"rendered":"Kambia Kas"},"content":{"rendered":"<section class=\"py-4 bg-blue-900 bg-opacity-100 \" style=\"\">\n\t\n<div class=\"container mx-auto relative\" style=\"\">\n\t<div class=\"mx-auto px-5 mx-auto bg-transparent bg-opacity-100 max-w-none \">\n\t\t\n<div class=\"content bg-transparent bg-opacity-100 max-w-none w-full \" style=\"\">\n\t\n\n<h2 class=\"has-text-align-center has-theme-white-color has-text-color has-large-font-size wp-block-heading\" style=\"text-transform:capitalize\">Kambia Kas<\/h2>\n\n\n<\/div>\n\n\n\t<\/div>\n<\/div>\n\n\n<\/section><section class=\"bg-transparent bg-opacity-100 \" style=\"\">\n\t\n<div class=\"container mx-auto relative\" style=\"\">\n\t<div class=\"mx-auto px-5 mb-8 bg-transparent bg-opacity-100 max-w-screen-xl \">\n\t\t\n<div class=\"content bg-transparent bg-opacity-100 max-w-none w-full text-center w-full\" style=\"\">\n\t\n\n<h2 class=\"has-text-align-center has-theme-blue-color has-text-color has-large-font-size wp-block-heading\">E miho trato di A pa B<\/h2>\n\n\n<\/div>\n\n\n<div class=\"pps-card h-full pps-card-white \">\n\t\n<div class=\"pps-card-body \">\n\t\n\n<figure class=\"wp-block-image size-large\"><img loading=\"lazy\" decoding=\"async\" width=\"1024\" height=\"1024\" src=\"https:\/\/www.pps-e.com\/wp-content\/uploads\/2022\/12\/moving-3-1024x1024.jpg\" alt=\"\" class=\"wp-image-1844\" srcset=\"https:\/\/www.pps-e.com\/wp-content\/uploads\/2022\/12\/moving-3-1024x1024.jpg 1024w, https:\/\/www.pps-e.com\/wp-content\/uploads\/2022\/12\/moving-3-300x300.jpg 300w, https:\/\/www.pps-e.com\/wp-content\/uploads\/2022\/12\/moving-3-150x150.jpg 150w, https:\/\/www.pps-e.com\/wp-content\/uploads\/2022\/12\/moving-3-768x768.jpg 768w, https:\/\/www.pps-e.com\/wp-content\/uploads\/2022\/12\/moving-3.jpg 1280w\" sizes=\"auto, (max-width: 1024px) 100vw, 1024px\" \/><\/figure>\n\n\n<div class=\"content bg-transparent bg-opacity-100 w-full flex flex-col justify-center\" style=\"\">\n\t\n\n<h2 class=\"has-theme-red-color has-text-color wp-block-heading\">Kambia kas ta un aktividat speshal, bo ta hasie algun bia so den bo bida<\/h2>\n\n\n\n<p>Pensa prom\u00e9 ku bo kuminsa invent\u00ed I kalkul\u00e1 kua di e akshonnan ak\u00ed abo mes por hasi I kua bo kier hunka den ma di un kompania ku ta hasi e trabau di mudansa kas. <\/p>\n\n\n\n<p>Mester indika kua ta e produktonan ku mester w\u00f2rdu transport\u00e1. E volumen \u00f2f kantidat di bo kosnan di kas ta hopi importante pa por kalkula e gastu nan total. Pa faktur\u00e1 esaki ta den (m3), kual ta e mid\u00ed ku e &#13;\nkompania ku ta hasi e transporte ta huza. E kompania di transporte ta hasi un inspekshon pa kalkula e kapasidat i kalidat di bo produktonan ku mester w\u00f2rdu transporta. &#13;\n<\/p>\n\n\n\n<p>Tene kuenta ku mester evit\u00e1 do\u00f1o. Un bon paketamentu ta esensial. Ta konseh\u00e1 pa sera un seguro pa e artikulonan ku nu ta bon paket\u00e1, no ta w\u00f2rde kubri. Ku otro palabra: pensa bon si bo ke h\u00fcr un tranportad\u00f3 pa mudansa of un kompania ku ta paket\u00e1 bo kosnan di kas. <\/p>\n\n\n\n<p>Cavalier ta ofres\u00e9, difererente servisio pa paket\u00e1 I konsolid\u00e1 bo karga. Pa mas imformashon tuma Kontakto ku nos. <\/p>\n\n\n<\/div>\n\n\n<\/div>\n\n\n<\/div>\n\n\t<\/div>\n<\/div>\n\n\n<\/section><section class=\"my-16 bg-transparent bg-opacity-100 \" style=\"\">\n\t\n<div class=\"container mx-auto relative\" style=\"\">\n\t<div class=\"mx-auto px-5 pt-12 bg-transparent bg-opacity-100 max-w-screen-xl \">\n\t\t\n<div class=\"pps-card h-full pps-card-white \">\n\t\n<div class=\"pps-card-body \">\n\t\n<div class=\"content bg-transparent bg-opacity-100 w-full \" style=\"\">\n\t\n\n<h2 class=\"has-theme-blue-color has-text-color wp-block-heading\">Algun tip pa tranporte di bo kosnan di kas.<\/h2>\n\n\n\n<p>Aki bo ta ha\u00f1a algun tep balioso ku ta hasi bo mudansa di kas mas organis\u00e1 i ta duna bo menos dol\u00f3 di kabes. <\/p>\n\n\n\n<ul class=\"wp-block-list\">\n<li>Kuminsa tempran, ta mih\u00f3 pa paket\u00e1 un par di kaha kada dia enbes di pakata tur kos riba un dia. <\/li>\n\n\n\n<li>Traha struktur\u00e1: paket\u00e1 kamber pa kamber<\/li>\n\n\n\n<li>Huza kaha nan speshal pa paketa<\/li>\n\n\n\n<li>Marka tur kaha kus u destinashon, skibi den ki area di kas e kaha mester bai, skibi riba e deskripshon di e kontenido, p.e. pa\u00f1a pa mucha, artikulo nan domestiko, etc.<\/li>\n<\/ul>\n\n\n<\/div>\n\n\n<\/div>\n\n\n<\/div>\n\n\t<\/div>\n<\/div>\n\n\n<div class=\"container mx-auto relative\" style=\"\">\n\t<div class=\"mx-auto px-5 pt-12 bg-transparent bg-opacity-100 max-w-screen-xl \">\n\t\t\n<div class=\"pps-grid grid gap-16 lg:grid-cols-2\">\n\t\n<div class=\"bg-transparent bg-opacity-100 \" style=\"\">\n\t\n<div class=\"pps-card h-full pps-card-white \">\n\t\n<div class=\"pps-card-body \">\n\t\n<div class=\"content bg-transparent bg-opacity-100 w-full \" style=\"\">\n\t\n\n<h2 class=\"has-theme-blue-color has-text-color wp-block-heading\">Konseho kon pa paket\u00e1     <\/h2>\n\n\n\n<p>Kahanan <\/p>\n\n\n\n<ul class=\"wp-block-list\">\n<li>Hinka den e kaha tur kos ku por bai den dje, inkluso un koi\u2019shushi, speaker, kapa di lampi ect. <\/li>\n\n\n\n<li>Produktonan ku ta n\u00e9t un tiki mas grandi ku e haha por wordu paket\u00e1 den un kaha lagando e parti ariba di e kaha habri, p.e. un mata. Limita e kantidat di kaha nan habri esaki ku bista amplio riba e kapasidat. <\/li>\n\n\n\n<li>Soru pa e kahanan ta bon sera (ku tape). <\/li>\n<\/ul>\n\n\n\n<p>Produktonan ku ta kibra fasil:<\/p>\n\n\n\n<ul class=\"wp-block-list\">\n<li>Pa artikulonan di porselana i glas usa papel speshal pa empake, no muchu steif\/duru. Laga hairu aden ku por sirbi manera un kusinchi. <\/li>\n\n\n\n<li>Si ta posibel usa kahanan ku tin part\u00ed den nan pa kosnan di glas, k\u00f2pi ets. <\/li>\n\n\n\n<li>Taj\u00f3 mester paket\u00e1 par\u00e1 den papel di paket\u00e1. <\/li>\n\n\n\n<li>Empaket\u00e1 ort\u00edkulan ku ta delikado separ\u00e1. Pa evrt\u00e1 peso riba e artikulonan. <\/li>\n\n\n\n<li>Yena kahanan ku tin glas aden ku s\u00e8rb\u00e8t\u00e8 di kushina of papel spesial pa empake. <\/li>\n<\/ul>\n\n\n\n<div class=\"wp-block-buttons rounded-none is-content-justification-left is-layout-flex wp-container-core-buttons-is-layout-fdcfc74e wp-block-buttons-is-layout-flex\">\n<div class=\"wp-block-button\"><a class=\"wp-block-button__link has-theme-white-color has-theme-red-background-color has-text-color has-background wp-element-button\" href=\"Website PPS\" style=\"border-radius:0px\">Por download PDF pa mas informashon tokante empaketamentu<\/a><\/div>\n<\/div>\n\n\n<\/div>\n\n\n<\/div>\n\n\n<\/div>\n\n<\/div>\n\n\n<div class=\"bg-transparent bg-opacity-100 \" style=\"\">\n\t\n<div class=\"pps-card h-full pps-card-white \">\n\t\n<div class=\"pps-card-body \">\n\t\n<div class=\"content bg-transparent bg-opacity-100 w-full \" style=\"\">\n\t\n\n<h2 class=\"has-theme-blue-color has-text-color wp-block-heading\">Aktividat nan pa ehekut\u00e1<\/h2>\n\n\n\n<p><strong>Saliendo for di:<\/strong><\/p>\n\n\n\n<p>Si akaso enkanga un otro kompania di kambia kas, tin un control pa kalkul\u00e1 e kantidad di trabou i material. Prome ku entrega di sufisiente kaha i material di empake entre otro (papel, di empake, plakband, etiketa, ets.)<\/p>\n\n\n\n<p><em>Empake di kosnan di kas <\/em><\/p>\n\n\n\n<ul class=\"wp-block-list\">\n<li>Tur sorto di produkto den kaha di mudansa. <\/li>\n\n\n\n<li>Empaketa pa\u00f1a kolog\u00e1 i kuadronan den kaha spesial. <\/li>\n\n\n\n<li>Empake i protekshon di art\u00edkulonan mas grandi. <\/li>\n\n\n\n<li>Riba dia ku di mudansa ta tur kaha mester ta kl\u00e1. <\/li>\n\n\n\n<li>S\u00f2ru pa e tr\u00f9k di transporte of container por para dilanti di e kas.<\/li>\n\n\n\n<li>Regla general ta bisa ku e distansia entre e tr\u00f9k di transporte\/ container i e plataforma mester ta 30 min., si no bo bin gastu di karga aserka. <\/li>\n\n\n\n<li>Ta konseh\u00e1 pa sigur\u00e1 bo produktonan<\/li>\n<\/ul>\n\n\n\n<p><strong>Importashon <\/strong><\/p>\n\n\n\n<ul class=\"wp-block-list\">\n<li>Deskargo di kahanan di otro produktonan. <\/li>\n\n\n\n<li>Deskargo di muebles grandi i asortimentu.<\/li>\n\n\n\n<li>Buskamentu di kahanan us\u00e1 I otro material pa empake p.e. karton I pa\u0144a di tapa (sobre kama). <\/li>\n<\/ul>\n\n\n<\/div>\n\n\n<\/div>\n\n\n<\/div>\n\n<\/div>\n\n\n<\/div>\n\n\t<\/div>\n<\/div>\n\n\n<\/section><section class=\"py-4 bg-blue-900 bg-opacity-100 \" style=\"\">\n\t\n<div class=\"container mx-auto relative\" style=\"\">\n\t<div class=\"mx-auto px-5 mx-auto bg-transparent bg-opacity-100 max-w-none \">\n\t\t\n<div class=\"content bg-transparent bg-opacity-100 max-w-none w-full \" style=\"\">\n\t\n\n<h2 class=\"has-text-align-center has-theme-white-color has-text-color has-large-font-size wp-block-heading\" style=\"text-transform:capitalize\">Kla? Mand\u00e9. Bai.<\/h2>\n\n\n\n<p class=\"has-text-align-center has-theme-white-color has-text-color has-medium-font-size\">Hasi petishon online. Lih\u00e9 i fasil.<\/p>\n\n\n\n<div class=\"wp-block-buttons rounded-none is-content-justification-center is-layout-flex wp-container-core-buttons-is-layout-16018d1d wp-block-buttons-is-layout-flex\">\n<div class=\"wp-block-button\"><a class=\"wp-block-button__link has-theme-blue-color has-theme-white-background-color has-text-color has-background wp-element-button\" href=\"https:\/\/www.pps-e.com\/pap\/petishon-pa-servisio\/\" style=\"border-radius:0px\">Hasi petishon pa servisio<\/a><\/div>\n<\/div>\n\n\n<\/div>\n\n\n\t<\/div>\n<\/div>\n\n\n<\/section>","protected":false},"excerpt":{"rendered":"","protected":false},"author":2,"featured_media":0,"parent":0,"menu_order":0,"comment_status":"closed","ping_status":"closed","template":"","meta":{"_acf_changed":false,"footnotes":""},"class_list":["post-2295","page","type-page","status-publish","hentry"],"acf":[],"featured_image_src":null,"_links":{"self":[{"href":"https:\/\/www.pps-e.com\/pap\/wp-json\/wp\/v2\/pages\/2295","targetHints":{"allow":["GET"]}}],"collection":[{"href":"https:\/\/www.pps-e.com\/pap\/wp-json\/wp\/v2\/pages"}],"about":[{"href":"https:\/\/www.pps-e.com\/pap\/wp-json\/wp\/v2\/types\/page"}],"author":[{"embeddable":true,"href":"https:\/\/www.pps-e.com\/pap\/wp-json\/wp\/v2\/users\/2"}],"replies":[{"embeddable":true,"href":"https:\/\/www.pps-e.com\/pap\/wp-json\/wp\/v2\/comments?post=2295"}],"version-history":[{"count":3,"href":"https:\/\/www.pps-e.com\/pap\/wp-json\/wp\/v2\/pages\/2295\/revisions"}],"predecessor-version":[{"id":2356,"href":"https:\/\/www.pps-e.com\/pap\/wp-json\/wp\/v2\/pages\/2295\/revisions\/2356"}],"wp:attachment":[{"href":"https:\/\/www.pps-e.com\/pap\/wp-json\/wp\/v2\/media?parent=2295"}],"curies":[{"name":"wp","href":"https:\/\/api.w.org\/{rel}","templated":true}]}}