{"id":2303,"date":"2023-05-10T02:28:03","date_gmt":"2023-05-10T02:28:03","guid":{"rendered":"https:\/\/www.pps-e.com\/asistensia\/"},"modified":"2023-05-26T14:31:09","modified_gmt":"2023-05-26T14:31:09","slug":"asistensia","status":"publish","type":"page","link":"https:\/\/www.pps-e.com\/pap\/asistensia\/","title":{"rendered":"Asistensia"},"content":{"rendered":"<section class=\"py-4 bg-blue-900 bg-opacity-100 \" style=\"\">\n\t\n<div class=\"container mx-auto relative\" style=\"\">\n\t<div class=\"mx-auto px-5 mx-auto bg-transparent bg-opacity-100 max-w-none \">\n\t\t\n<div class=\"content bg-transparent bg-opacity-100 max-w-none w-full \" style=\"\">\n\t\n\n<h2 class=\"has-text-align-center has-theme-white-color has-text-color has-large-font-size wp-block-heading\" style=\"text-transform:capitalize\">Asistensia<\/h2>\n\n\n<\/div>\n\n\n\t<\/div>\n<\/div>\n\n\n<\/section><section class=\"bg-transparent bg-opacity-100 \" style=\"\">\n\t\n<div class=\"container mx-auto relative\" style=\"\">\n\t<div class=\"mx-auto px-5 mx-auto bg-transparent bg-opacity-100 max-w-screen-xl \">\n\t\t\n<div class=\"content bg-transparent bg-opacity-100 max-w-none w-full text-center w-full\" style=\"\">\n\t\n\n<h2 class=\"has-theme-blue-color has-text-color has-large-font-size wp-block-heading\">Nos tei pa yuda bo<\/h2>\n\n\n<\/div>\n\n\n<div class=\"pps-card h-full pps-card-white \">\n\t\n<div class=\"pps-card-body \">\n\t\n\n<figure class=\"wp-block-image size-large\"><img loading=\"lazy\" decoding=\"async\" width=\"1024\" height=\"576\" src=\"https:\/\/www.pps-e.com\/wp-content\/uploads\/2022\/12\/support-1024x576.jpg\" alt=\"\" class=\"wp-image-1779\" srcset=\"https:\/\/www.pps-e.com\/wp-content\/uploads\/2022\/12\/support-1024x576.jpg 1024w, https:\/\/www.pps-e.com\/wp-content\/uploads\/2022\/12\/support-300x169.jpg 300w, https:\/\/www.pps-e.com\/wp-content\/uploads\/2022\/12\/support-768x432.jpg 768w, https:\/\/www.pps-e.com\/wp-content\/uploads\/2022\/12\/support.jpg 1280w\" sizes=\"auto, (max-width: 1024px) 100vw, 1024px\" \/><\/figure>\n\n\n<div class=\"content bg-transparent bg-opacity-100 w-full flex flex-col justify-center\" style=\"\">\n\t\n\n<h2 class=\"has-theme-red-color has-text-color wp-block-heading\">Nos ta aspir\u00e1 na mehoransa.<\/h2>\n\n\n\n<p>Pues si bo mester di yudansa, laga nos sa.<\/p>\n\n\n<\/div>\n\n\n<\/div>\n\n\n<\/div>\n\n\t<\/div>\n<\/div>\n\n\n<\/section><section class=\"my-16 bg-transparent bg-opacity-100 \" style=\"\">\n\t\n<div class=\"container mx-auto relative\" style=\"\">\n\t<div class=\"mx-auto px-5 pb-20 bg-transparent bg-opacity-100 max-w-screen-xl \">\n\t\t\n<div class=\"pps-grid grid gap-16 lg:grid-cols-2\">\n\t\n<div class=\"\" style=\"\">\n\t\n<div class=\"pps-card h-full pps-card-white \">\n\t\n<div class=\"pps-card-body \">\n\t\n<div class=\"content bg-transparent bg-opacity-100 w-full \" style=\"\">\n\t\n\n<h2 class=\"has-theme-blue-color has-text-color wp-block-heading\">Debolb\u00e9<\/h2>\n\n\n\n<p>PPS-E ta ofres\u00e9 e servisio di regreso di un art\u00edkulo kumpr\u00e1 si e art\u00edkulo ta danj\u00e1 \u00f2f no ta kumpli ku lo sper\u00e1 for di e lug\u00e1 di entrege den e pais di or\u00edgen. En otra palabra: si bo paki\u00e8t ta konten\u00e9 algu ku no ta kumpli ku lo sper\u00e1, nos por yudabo ku env\u00edo pa e lug\u00e1 di eksportashon kontra un kostu.<br\/><br\/>Eh\u00e8mpel:<br\/>Bo a hasi un pedido pa un kamiseta polo berde ku Amazon, a entreg\u00e1 na Cavalier Miami i bo a risib\u00ed un kamiseta polo k\u00f2r\u00e1 na Bonaire. PPS-E por yudabo pa hiba e produktonan b\u00e8k na Miami (kontra kostu di kliente, pero nos lo por yudabo den un manera efisiente) i Cavalier Miami lo regres\u00e1 e paki\u00e8t na e proovedor, semper ku ta den e periodo di regreso m\u00e1ksimo manera stipul\u00e1 den e polis di regreso di e proovedor. E rembolso mes tambe, klaro, ta bas\u00e1 riba e polis di regreso di e proovedor (rembolso, kambio, etc.).<\/p>\n\n\n<\/div>\n\n\n<\/div>\n\n\n<\/div>\n\n<\/div>\n\n\n<div class=\"bg-transparent bg-opacity-100 \" style=\"\">\n\t\n<div class=\"pps-card h-full pps-card-white \">\n\t\n<div class=\"pps-card-body \">\n\t\n<div class=\"content bg-transparent bg-opacity-100 w-full \" style=\"\">\n\t\n\n<h2 class=\"has-theme-blue-color has-text-color wp-block-heading\">Kumpra<\/h2>\n\n\n\n<ul class=\"wp-block-list\">\n<li>Hasi kompras.<\/li>\n\n\n\n<li>Hasi kompras riba intern\u00e8t, yena garoshi (riba intern\u00e8t), best\u00e8l i pagonan relat\u00e1 no ta parti di nos servisio.<\/li>\n\n\n\n<li>Naturalmente, mester yena nos adr\u00e8s pa direkshon di entrego.<\/li>\n\n\n\n<li>Wak mas abou pa un ehemplo.<\/li>\n\n\n\n<li>Ta importante pa skirbi bo pais tras di bo n\u00f2mber (AUA pa Aruba, BON pa Boneiru \u00f2f CUR pa Cura\u00e7ao)<\/li>\n<\/ul>\n\n\n<\/div>\n\n\n<\/div>\n\n\n<\/div>\n\n<\/div>\n\n\n<\/div>\n\n\t<\/div>\n<\/div>\n\n\n<div class=\"container mx-auto relative\" style=\"\">\n\t<div class=\"mx-auto px-5 pb-20 bg-transparent bg-opacity-100 max-w-screen-xl \">\n\t\t\n<div class=\"pps-grid grid gap-16 lg:grid-cols-2\">\n\t\n<div class=\"\" style=\"\">\n\t\n<div class=\"pps-card h-full pps-card-white \">\n\t\n<div class=\"pps-card-body \">\n\t\n<div class=\"content bg-transparent bg-opacity-100 w-full \" style=\"\">\n\t\n\n<h2 class=\"has-theme-blue-color has-text-color wp-block-heading\">Formulario<\/h2>\n\n\n\n<p>Formularionan por ta un manera efisiente pa por komunik\u00e1. Nos formularionan \u201conline\u201d lo yuda bo regla transporte.<\/p>\n\n\n\n<ul class=\"wp-block-list\">\n<li>Bo por yena bo formularionan i despues kuminsa ku bo transporte di un manera efisiente.<\/li>\n\n\n\n<li>Otro formularionan ta pa bo duna informashon detay\u00e1.\n<ul class=\"wp-block-list\"><\/ul>\n<\/li>\n<\/ul>\n\n\n\n<p>E siguiente formularionan ta disponible:<\/p>\n\n\n\n<ol class=\"wp-block-list\">\n<li>Formulario pa transportashon mar\u00edtimo.<\/li>\n\n\n\n<li>Sertifikado di Seguro<\/li>\n\n\n\n<li>Formulario di eksishon.\/ Formulario di \u201cclaim\u201d.<\/li>\n<\/ol>\n\n\n<\/div>\n\n\n<\/div>\n\n\n<\/div>\n\n<\/div>\n\n\n<div class=\"bg-transparent bg-opacity-100 \" style=\"\">\n\t\n<div class=\"pps-card h-full pps-card-white \">\n\t\n<div class=\"pps-card-body \">\n\t\n<div class=\"content bg-transparent bg-opacity-100 w-full \" style=\"\">\n\t\n\n<h2 class=\"has-theme-blue-color has-text-color wp-block-heading\">Kondishonnan i responsabilidatnan.<\/h2>\n\n\n\n<ul class=\"wp-block-list\">\n<li>PPS-e su reglanan general hur\u00eddiko ta st\u00edpula e aspektonan di transportashon.<\/li>\n\n\n\n<li>Por fabor, les\u00e1 nos t\u00e9rminos i kondishonnan pa detaye kompletu.<br\/><\/li>\n\n\n\n<li>Di e forma ak\u00ed lo bo keda inform\u00e1 di e transportashon su responsabilidatnan i kondishonnan.<\/li>\n\n\n\n<li>Kondishonnan ta limit\u00e1. Si a kas obo merkansia ta di balor, ta rekomendabel pa sera un seguro di transporte.<\/li>\n<\/ul>\n\n\n<\/div>\n\n\n<\/div>\n\n\n<\/div>\n\n<\/div>\n\n\n<\/div>\n\n\t<\/div>\n<\/div>\n\n\n<div class=\"container mx-auto relative\" style=\"\">\n\t<div class=\"mx-auto px-5 bg-transparent bg-opacity-100 max-w-screen-xl \">\n\t\t\n<div class=\"pps-grid grid gap-16 lg:grid-cols-2\">\n\t\n<div class=\"\" style=\"\">\n\t\n<div class=\"pps-card h-full pps-card-white \">\n\t\n<div class=\"pps-card-body \">\n\t\n<div class=\"content bg-transparent bg-opacity-100 w-full \" style=\"\">\n\t\n\n<h2 class=\"has-theme-blue-color has-text-color wp-block-heading\">Resibu.<\/h2>\n\n\n\n<ul class=\"wp-block-list\">\n<li>Si a kaso un karga no yega na su direkshon manera a spera, bo por hasi entrego di un keho. Esaki lo mester keda entreg\u00e1 kaminda e fayo a keda konstat\u00e1. Keho ta kubri gastunan di karga p\u00e8rd\u00ed \u00f2f karga ku a ha\u00f1a da\u00f1o.<\/li>\n\n\n\n<li>E kliente por entreg\u00e1 e formulario di keho online i pasa serka nos na ofisina. E kliente ku ta entreg\u00e1 e keho mester tin prueba ku el a sosod\u00e9 durante e transporte. Ademas bo mester ta konsiente ku si e pakete no tabata paket\u00e1 bon sufisiente, esei por ta un motibu pa kiko e keho lo keda kansel\u00e1. E balor \u00f2f da\u00f1o mester keda prueb\u00e1 ku e resibu di e produkto ku a keda kumpr\u00e1.<\/li>\n\n\n\n<li>E transportado \u00f2f \u00e8ksp\u00e8rt lo atend\u00e9 e keho i investig\u00e1 kiko tabata e kousa, i entre di tres siman despues di e investigashon lo bo risib\u00ed e resultado.<\/li>\n\n\n\n<li>Pa un karga mas balioso, un \u00e8ksp\u00e8rt di Seguro lo mester inspekshon\u00e1 e situashon.<\/li>\n\n\n\n<li>Un posibel kompesashon lo depend\u00e9 di e investigashon. PPS-e lo asist\u00ed bo durante e investigashon i ta spera di atend\u00e9 esun \u00f2f otro ku un resultado satisfaktorio.<\/li>\n<\/ul>\n\n\n<\/div>\n\n\n<\/div>\n\n\n<\/div>\n\n<\/div>\n\n\n<div class=\"bg-transparent bg-opacity-100 \" style=\"\">\n\t\n<div class=\"pps-card h-full pps-card-white \">\n\t\n<div class=\"pps-card-body \">\n\t\n<div class=\"content bg-transparent bg-opacity-100 w-full \" style=\"\">\n\t\n\n<h2 class=\"has-theme-blue-color has-text-color wp-block-heading\">Seguro<\/h2>\n\n\n\n<ul class=\"wp-block-list\">\n<li>Aplikashon pa aseguro ta un opshon adishonal altamente rekomend\u00e1.<br\/>E remitente mester indik\u00e1 esaki prom\u00e9 ku env\u00edo, m\u00e1s tarda na momentu di entrega di e produktonan pa eksportashon.<\/li>\n\n\n\n<li>Seguro por keda opten\u00e9 na un premi di 1.5% riba e balor di CIF (balor di merkansia + gastu di transporte + 10%) kual ta e balor sigur\u00e1.<\/li>\n\n\n\n<li>Pa sera un seguro ta f\u00e1sil na momentu di preparashon. Gastunan ta kumins\u00e1 ku un minimo di ANG 87,72 \u00f2f USD 50,00.<\/li>\n\n\n\n<li>Mas informashon ta disponible serka nos na ofisina.<\/li>\n<\/ul>\n\n\n<\/div>\n\n\n<\/div>\n\n\n<\/div>\n\n<\/div>\n\n\n<\/div>\n\n\t<\/div>\n<\/div>\n\n\n<\/section><section class=\"bg-transparent bg-opacity-100 \" style=\"\">\n\t\n<section class=\"py-4 bg-blue-900 bg-opacity-100 \" style=\"\">\n\t\n<div class=\"container mx-auto relative\" style=\"\">\n\t<div class=\"mx-auto px-5 mx-auto bg-transparent bg-opacity-100 max-w-none \">\n\t\t\n<div class=\"content bg-transparent bg-opacity-100 max-w-none w-full \" style=\"\">\n\t\n\n<h2 class=\"has-text-align-center has-theme-white-color has-text-color has-large-font-size wp-block-heading\" style=\"text-transform:capitalize\">Kla? Mand\u00e9. Bai.<\/h2>\n\n\n\n<p class=\"has-text-align-center has-theme-white-color has-text-color has-medium-font-size\">Hasi petishon online. Lih\u00e9 i fasil.<\/p>\n\n\n\n<div class=\"wp-block-buttons rounded-none is-content-justification-center is-layout-flex wp-container-core-buttons-is-layout-16018d1d wp-block-buttons-is-layout-flex\">\n<div class=\"wp-block-button\"><a class=\"wp-block-button__link has-theme-blue-color has-theme-white-background-color has-text-color has-background wp-element-button\" href=\"https:\/\/www.pps-e.com\/pap\/petishon-pa-servisio\/\" style=\"border-radius:0px\">Hasi petishon pa servisio<\/a><\/div>\n<\/div>\n\n\n<\/div>\n\n\n\t<\/div>\n<\/div>\n\n\n<\/section>\n\n<\/section>","protected":false},"excerpt":{"rendered":"","protected":false},"author":1,"featured_media":0,"parent":0,"menu_order":0,"comment_status":"closed","ping_status":"closed","template":"","meta":{"_acf_changed":false,"footnotes":""},"class_list":["post-2303","page","type-page","status-publish","hentry"],"acf":[],"featured_image_src":null,"_links":{"self":[{"href":"https:\/\/www.pps-e.com\/pap\/wp-json\/wp\/v2\/pages\/2303","targetHints":{"allow":["GET"]}}],"collection":[{"href":"https:\/\/www.pps-e.com\/pap\/wp-json\/wp\/v2\/pages"}],"about":[{"href":"https:\/\/www.pps-e.com\/pap\/wp-json\/wp\/v2\/types\/page"}],"author":[{"embeddable":true,"href":"https:\/\/www.pps-e.com\/pap\/wp-json\/wp\/v2\/users\/1"}],"replies":[{"embeddable":true,"href":"https:\/\/www.pps-e.com\/pap\/wp-json\/wp\/v2\/comments?post=2303"}],"version-history":[{"count":5,"href":"https:\/\/www.pps-e.com\/pap\/wp-json\/wp\/v2\/pages\/2303\/revisions"}],"predecessor-version":[{"id":2397,"href":"https:\/\/www.pps-e.com\/pap\/wp-json\/wp\/v2\/pages\/2303\/revisions\/2397"}],"wp:attachment":[{"href":"https:\/\/www.pps-e.com\/pap\/wp-json\/wp\/v2\/media?parent=2303"}],"curies":[{"name":"wp","href":"https:\/\/api.w.org\/{rel}","templated":true}]}}